{"id":1164,"date":"2016-10-06T08:07:40","date_gmt":"2016-10-06T08:07:40","guid":{"rendered":"https:\/\/www.wgservices.ch\/fr\/?page_id=1164"},"modified":"2019-12-30T15:59:54","modified_gmt":"2019-12-30T15:59:54","slug":"nettoyage-des-batiments","status":"publish","type":"page","link":"https:\/\/www.wgservices.ch\/fr\/nettoyage-des-batiments\/","title":{"rendered":"Le secteur du nettoyage des b\u00e2timents"},"content":{"rendered":"[vc_row type=\u00a0\u00bbin_container\u00a0\u00bb scene_position=\u00a0\u00bbcenter\u00a0\u00bb text_color=\u00a0\u00bbdark\u00a0\u00bb text_align=\u00a0\u00bbleft\u00a0\u00bb overlay_strength=\u00a0\u00bb0.3&Prime;][vc_column column_padding=\u00a0\u00bbno-extra-padding\u00a0\u00bb column_padding_position=\u00a0\u00bball\u00a0\u00bb background_color_opacity=\u00a0\u00bb1&Prime; background_hover_color_opacity=\u00a0\u00bb1&Prime; width=\u00a0\u00bb1\/1&Prime;]<div data-midnight=\"nectar-slider\" class=\"parallax_slider_outer \"><div  data-transition=\"slide\" data-overall_style=\"classic\" data-flexible-height=\"\" data-animate-in-effect=\"none\" data-fullscreen=\"false\" data-button-sizing=\"regular\" data-button-styling=\"btn_with_count\" data-autorotate=\"\" data-parallax=\"true\" data-parallax-disable-mobile=\"\" data-caption-trans=\"fade_in_from_bottom\" data-parallax-style=\"bg_only\" data-bg-animation=\"none\" data-full-width=\"false\" class=\"nectar-slider-wrap \" id=\"nectar-slider-instance-1\"><div class=\"swiper-container\"  data-tho=\"auto\" data-tco=\"auto\" data-pho=\"auto\" data-pco=\"auto\" data-loop=\"false\" data-height=\"400\" data-min-height=\"\" data-arrows=\"false\" data-bullets=\"false\" data-bullet_style=\"see_through\" data-bullet_position=\"bottom\" data-desktop-swipe=\"false\" data-settings=\"\"> <div class=\"swiper-wrapper\"><div class=\"swiper-slide\" data-desktop-content-width=\"\" data-tablet-content-width=\"\" data-bg-alignment=\"center\" data-color-scheme=\"light\" data-x-pos=\"left\" data-y-pos=\"middle\" ><div class=\"slide-bg-wrap\"><div class=\"image-bg\" style=\"background-image: url(https:\/\/www.wgservices.ch\/wp-content\/uploads\/2016\/10\/wgs-gebaeudereinigung-bg.jpg);\"> &nbsp; <\/div><\/div><div class=\"container\">\n\t\t\t\t\t\t<div class=\"content\"><h2 class=\"ns-heading-el\">Solutions pour le nettoyage des b\u00e2timents<\/h2><\/div>\n\t\t\t\t\t\t\t\t<\/div><!--\/container--><div class=\"video-texture active_texture\"> <span class=\"ie-fix\"><\/span> <\/div><\/div> <!--\/swiper-slide--><\/div><div class=\"nectar-slider-loading \"> <span class=\"loading-icon spin\">   <\/span> <\/div> <\/div> \n\t\t\t\t\t\n\t\t\t\t\t<\/div><\/div>[\/vc_column][\/vc_row][vc_row type=\u00a0\u00bbin_container\u00a0\u00bb scene_position=\u00a0\u00bbcenter\u00a0\u00bb text_color=\u00a0\u00bbdark\u00a0\u00bb text_align=\u00a0\u00bbleft\u00a0\u00bb overlay_strength=\u00a0\u00bb0.3&Prime;][vc_column column_padding=\u00a0\u00bbno-extra-padding\u00a0\u00bb column_padding_position=\u00a0\u00bball\u00a0\u00bb background_color_opacity=\u00a0\u00bb1&Prime; background_hover_color_opacity=\u00a0\u00bb1&Prime; width=\u00a0\u00bb1\/1&Prime;][divider line_type=\u00a0\u00bbNo Line\u00a0\u00bb custom_height=\u00a0\u00bb60&Prime;][vc_column_text]\n<h1>Solutions pour le nettoyage des b\u00e2timents<\/h1>\n[\/vc_column_text][divider line_type=\u00a0\u00bbNo Line\u00a0\u00bb custom_height=\u00a0\u00bb30&Prime;][vc_row_inner][vc_column_inner column_padding=\u00a0\u00bbno-extra-padding\u00a0\u00bb column_padding_position=\u00a0\u00bball\u00a0\u00bb background_color_opacity=\u00a0\u00bb1&Prime; width=\u00a0\u00bb1\/1&Prime;][vc_column_text]Nous ne nous consid\u00e9rons pas comme un simple fournisseur des produits mais comme un v\u00e9ritable partenaire pour tout ce qui concerne le nettoyage professionnel des b\u00e2timents. Nous composons avec vous des solutions r\u00e9pondant \u00e0 vos exigences, vous conseillons et vous montrons comment gagner aussi du temps et de l&rsquo;argent en fonction de vos besoins. Vous \u00eates entre de tr\u00e8s bonnes mains chez nos collaborateurs bien form\u00e9s et hautement qualifi\u00e9s. <strong>Qu&rsquo;il s&rsquo;agisse de balais, de balayeuses aspirantes, d&rsquo;autolaveuses, de syst\u00e8mes de nettoyage \u00e0 l&rsquo;eau pure ou de machines d&rsquo;injection-extraction<\/strong> Weita Service est votre interlocuteur comp\u00e9tent en mati\u00e8re de nettoyage des b\u00e2timents. Avec les machines guid\u00e9es \u00e0 la main ou autotract\u00e9es les plus diverses et des solutions innovantes, comme par exemple les balayeuses aspirantes \u00e0 technique hybride pour travailler longtemps et de mani\u00e8re plus rentable \u00e0 l&rsquo;int\u00e9rieur et \u00e0 l&rsquo;ext\u00e9rieur, ou de petits mops \u00e9lectriques \u00e0 utiliser entre les deux. Peu importe ce que vous cherchez: <strong>La Weita Service SA a la bonne solution pour vous!<\/strong>[\/vc_column_text][\/vc_column_inner][\/vc_row_inner][divider line_type=\u00a0\u00bbNo Line\u00a0\u00bb custom_height=\u00a0\u00bb40&Prime;][\/vc_column][\/vc_row][vc_row type=\u00a0\u00bbfull_width_background\u00a0\u00bb bg_color=\u00a0\u00bb#ededed\u00a0\u00bb scene_position=\u00a0\u00bbcenter\u00a0\u00bb text_color=\u00a0\u00bbdark\u00a0\u00bb text_align=\u00a0\u00bbleft\u00a0\u00bb overlay_strength=\u00a0\u00bb0.3&Prime;][vc_column column_padding=\u00a0\u00bbno-extra-padding\u00a0\u00bb column_padding_position=\u00a0\u00bball\u00a0\u00bb background_color_opacity=\u00a0\u00bb1&Prime; background_hover_color_opacity=\u00a0\u00bb1&Prime; width=\u00a0\u00bb1\/1&Prime;][divider line_type=\u00a0\u00bbNo Line\u00a0\u00bb custom_height=\u00a0\u00bb60&Prime;][vc_row_inner][vc_column_inner column_padding=\u00a0\u00bbno-extra-padding\u00a0\u00bb column_padding_position=\u00a0\u00bball\u00a0\u00bb background_color_opacity=\u00a0\u00bb1&Prime; width=\u00a0\u00bb1\/2&Prime;][divider line_type=\u00a0\u00bbNo Line\u00a0\u00bb custom_height=\u00a0\u00bb10&Prime;][image_with_animation image_url=\u00a0\u00bb1176&Prime; alignment=\u00a0\u00bbcenter\u00a0\u00bb animation=\u00a0\u00bbFade In\u00a0\u00bb][\/vc_column_inner][vc_column_inner column_padding=\u00a0\u00bbpadding-2-percent\u00a0\u00bb column_padding_position=\u00a0\u00bbleft-right\u00a0\u00bb background_color_opacity=\u00a0\u00bb1&Prime; width=\u00a0\u00bb1\/2&Prime;][vc_column_text]\n<h2>Autolaveuses<\/h2>\n<p>Les autolaveuses accompagn\u00e9es de Fimap permettent de r\u00e9pondre aux exigences de propret\u00e9 pos\u00e9es aux surfaces petites \u00e0 moyennes, m\u00eame encombr\u00e9es. Que vous deviez nettoyer des petites boutiques de station-service ou des surfaces de stockage jusqu&rsquo;\u00e0 30&rsquo;000 m\u00b2, nous avons la bonne machine pour chaque utilisation. Vous \u00eates int\u00e9ress\u00e9s par une formation sur l&rsquo;utilisation des produits de d\u00e9sinfection et des produits de nettoyage? Contactez-nous![\/vc_column_text][\/vc_column_inner][\/vc_row_inner][divider line_type=\u00a0\u00bbNo Line\u00a0\u00bb custom_height=\u00a0\u00bb60&Prime;][\/vc_column][\/vc_row][vc_row type=\u00a0\u00bbfull_width_background\u00a0\u00bb bg_color=\u00a0\u00bb#ffffff\u00a0\u00bb scene_position=\u00a0\u00bbcenter\u00a0\u00bb text_color=\u00a0\u00bbdark\u00a0\u00bb text_align=\u00a0\u00bbleft\u00a0\u00bb overlay_strength=\u00a0\u00bb0.3&Prime;][vc_column column_padding=\u00a0\u00bbno-extra-padding\u00a0\u00bb column_padding_position=\u00a0\u00bball\u00a0\u00bb background_color_opacity=\u00a0\u00bb1&Prime; background_hover_color_opacity=\u00a0\u00bb1&Prime; width=\u00a0\u00bb1\/1&Prime;][divider line_type=\u00a0\u00bbNo Line\u00a0\u00bb custom_height=\u00a0\u00bb80&Prime;][vc_row_inner][vc_column_inner column_padding=\u00a0\u00bbno-extra-padding\u00a0\u00bb column_padding_position=\u00a0\u00bball\u00a0\u00bb background_color_opacity=\u00a0\u00bb1&Prime; width=\u00a0\u00bb1\/2&Prime;][vc_column_text]\n<h2>Balayeuses aspirantes<\/h2>\n<p>Cette s\u00e9rie compl\u00e8te de balayeuses accompagn\u00e9es et autotract\u00e9es de Fimap convient au nettoyage de surfaces int\u00e9rieures et ext\u00e9rieures \u00e0 partir de 100 m\u00b2 jusqu&rsquo;\u00e0 de grandes surfaces industrielles et des espaces publics jusqu&rsquo;\u00e0 15&rsquo;000m\u00b2.[\/vc_column_text][\/vc_column_inner][vc_column_inner column_padding=\u00a0\u00bbno-extra-padding\u00a0\u00bb column_padding_position=\u00a0\u00bball\u00a0\u00bb background_color_opacity=\u00a0\u00bb1&Prime; width=\u00a0\u00bb1\/2&Prime;][image_with_animation image_url=\u00a0\u00bb1154&Prime; alignment=\u00a0\u00bbcenter\u00a0\u00bb animation=\u00a0\u00bbFade In\u00a0\u00bb][\/vc_column_inner][\/vc_row_inner][divider line_type=\u00a0\u00bbNo Line\u00a0\u00bb custom_height=\u00a0\u00bb20&Prime;][\/vc_column][\/vc_row][vc_row type=\u00a0\u00bbin_container\u00a0\u00bb scene_position=\u00a0\u00bbcenter\u00a0\u00bb text_color=\u00a0\u00bbdark\u00a0\u00bb text_align=\u00a0\u00bbleft\u00a0\u00bb overlay_strength=\u00a0\u00bb0.3&Prime;][vc_column column_padding=\u00a0\u00bbno-extra-padding\u00a0\u00bb column_padding_position=\u00a0\u00bball\u00a0\u00bb background_color_opacity=\u00a0\u00bb1&Prime; background_hover_color_opacity=\u00a0\u00bb1&Prime; width=\u00a0\u00bb1\/1&Prime;][divider line_type=\u00a0\u00bbNo Line\u00a0\u00bb custom_height=\u00a0\u00bb60&Prime;][vc_row_inner][vc_column_inner column_padding=\u00a0\u00bbno-extra-padding\u00a0\u00bb column_padding_position=\u00a0\u00bball\u00a0\u00bb background_color_opacity=\u00a0\u00bb1&Prime; width=\u00a0\u00bb1\/2&Prime;][divider line_type=\u00a0\u00bbNo Line\u00a0\u00bb custom_height=\u00a0\u00bb10&Prime;][image_with_animation image_url=\u00a0\u00bb1152&Prime; alignment=\u00a0\u00bbcenter\u00a0\u00bb animation=\u00a0\u00bbFade In\u00a0\u00bb][\/vc_column_inner][vc_column_inner column_padding=\u00a0\u00bbpadding-2-percent\u00a0\u00bb column_padding_position=\u00a0\u00bbleft-right\u00a0\u00bb background_color_opacity=\u00a0\u00bb1&Prime; width=\u00a0\u00bb1\/2&Prime;][vc_column_text]\n<h2>Nettoyage des vitres avec Unger Hiflo eau pure<\/h2>\n<p><strong>Le syst\u00e8me d&rsquo;eau pure DI le plus efficace de tous les temps!<\/strong> Chez Unger et Weita, nous visons en permanence des innovations parfaitement adapt\u00e9es \u00e0 vos besoins professionnels et qui am\u00e9liorent encore les bons produits. D\u00e9couvrez maintenant la nouvelle g\u00e9n\u00e9ration de filtres de d\u00e9ionisation. Le filtre nLite HydroPower DI vous offre de nombreux avantages extr\u00eamement efficaces gr\u00e2ce \u00e0 des d\u00e9veloppements innovants tels que la technologie FloWater, le sachet de r\u00e9sine QuickChange et la fermeture rapide FastLock. Les filtres nLite HydroPower DI surpassent les exigences les plus \u00e9lev\u00e9es en mati\u00e8re d&rsquo;efficacit\u00e9, de proc\u00e9dure et de confort. Ils font partie du syst\u00e8me de nettoyage nLite avec des solutions pratiques pour les utilisateurs professionnels. D\u00e9couvrez les avantages du syst\u00e8me nLite HydroPower DI: efficacit\u00e9 et maniement ais\u00e9. Pour les utilisateurs n\u00e9cessitant encore plus de capacit\u00e9 et de flexibilit\u00e9, nous proposons la remorque nLite HydroPower RO XXL dot\u00e9e d&rsquo;un syst\u00e8me de filtrage \u00e0 3 niveaux..[\/vc_column_text][\/vc_column_inner][\/vc_row_inner][divider line_type=\u00a0\u00bbNo Line\u00a0\u00bb custom_height=\u00a0\u00bb60&Prime;][\/vc_column][\/vc_row][vc_row type=\u00a0\u00bbfull_width_background\u00a0\u00bb bg_color=\u00a0\u00bb#ffffff\u00a0\u00bb scene_position=\u00a0\u00bbcenter\u00a0\u00bb text_color=\u00a0\u00bbdark\u00a0\u00bb text_align=\u00a0\u00bbleft\u00a0\u00bb overlay_strength=\u00a0\u00bb0.3&Prime;][vc_column column_padding=\u00a0\u00bbno-extra-padding\u00a0\u00bb column_padding_position=\u00a0\u00bball\u00a0\u00bb background_color_opacity=\u00a0\u00bb1&Prime; background_hover_color_opacity=\u00a0\u00bb1&Prime; width=\u00a0\u00bb1\/1&Prime;][divider line_type=\u00a0\u00bbNo Line\u00a0\u00bb custom_height=\u00a0\u00bb80&Prime;][vc_row_inner][vc_column_inner column_padding=\u00a0\u00bbno-extra-padding\u00a0\u00bb column_padding_position=\u00a0\u00bball\u00a0\u00bb background_color_opacity=\u00a0\u00bb1&Prime; width=\u00a0\u00bb1\/2&Prime;][vc_column_text]\n<h2>Machines d&rsquo;injection-extraction<\/h2>\n<p>La machine d&rsquo;injection-extraction Blue Line PQF 1350 a \u00e9t\u00e9 sp\u00e9cialement con\u00e7ue pour le nettoyage de fond et d&rsquo;entretien des moquettes et des sols durs. Ce syst\u00e8me permet cependant aussi de nettoyer sans probl\u00e8me et en profondeur les meubles rembourr\u00e9s, les panneaux et les habillages de murs et de plafonds. La Blue Line d\u00e9montre une puissance de travail in\u00e9gal\u00e9e par les autres machines d&rsquo;injection-extraction disponibles sur le march\u00e9 pour les travaux de nettoyage commerciaux et industriels. La pompe \u00e0 piston puissante, combin\u00e9e au syst\u00e8me efficace de moteur d&rsquo;aspiration, d\u00e9voile un d\u00e9bit de pulv\u00e9risation jusqu&rsquo;\u00e0 5 litres \/ minute et une pression d&rsquo;injection jusqu&rsquo;\u00e0 32 bars env. La technologie CFR\u2122 imbattable permet \u00e0 l&rsquo;utilisateur de nettoyer tous les rev\u00eatements de sol textiles sans craindre une humidit\u00e9 trop importante de ces derniers. Le temps de s\u00e9chage est r\u00e9duit \u00e0 env. 1 \u00e0 3 heures. &#8211; r\u00e9servoir d&rsquo;eau propre de 50 litres &#8211; pompe \u00e0 piston de 0 \u00e0 32 bars &#8211; deux turbines d&rsquo;aspiration \u00e0 3 vitesses chacune &#8211; roues de 10 pouces pour monter ais\u00e9ment les escaliers[\/vc_column_text][\/vc_column_inner][vc_column_inner column_padding=\u00a0\u00bbno-extra-padding\u00a0\u00bb column_padding_position=\u00a0\u00bball\u00a0\u00bb background_color_opacity=\u00a0\u00bb1&Prime; width=\u00a0\u00bb1\/2&Prime;][image_with_animation image_url=\u00a0\u00bb1156&Prime; alignment=\u00a0\u00bbcenter\u00a0\u00bb animation=\u00a0\u00bbFade In\u00a0\u00bb][\/vc_column_inner][\/vc_row_inner][divider line_type=\u00a0\u00bbNo Line\u00a0\u00bb custom_height=\u00a0\u00bb20&Prime;][\/vc_column][\/vc_row][vc_row type=\u00a0\u00bbfull_width_background\u00a0\u00bb bg_image=\u00a0\u00bb510&Prime; bg_position=\u00a0\u00bbcenter center\u00a0\u00bb bg_repeat=\u00a0\u00bbno-repeat\u00a0\u00bb parallax_bg=\u00a0\u00bbtrue\u00a0\u00bb parallax_bg_speed=\u00a0\u00bbslow\u00a0\u00bb bg_color=\u00a0\u00bb#ededed\u00a0\u00bb scene_position=\u00a0\u00bbcenter\u00a0\u00bb text_color=\u00a0\u00bblight\u00a0\u00bb text_align=\u00a0\u00bbleft\u00a0\u00bb overlay_strength=\u00a0\u00bb0.3&Prime;][vc_column centered_text=\u00a0\u00bbtrue\u00a0\u00bb column_padding=\u00a0\u00bbno-extra-padding\u00a0\u00bb column_padding_position=\u00a0\u00bball\u00a0\u00bb background_color_opacity=\u00a0\u00bb1&Prime; background_hover_color_opacity=\u00a0\u00bb1&Prime; width=\u00a0\u00bb1\/1&Prime;][divider line_type=\u00a0\u00bbNo Line\u00a0\u00bb custom_height=\u00a0\u00bb70&Prime;][vc_row_inner][vc_column_inner column_padding=\u00a0\u00bbno-extra-padding\u00a0\u00bb column_padding_position=\u00a0\u00bball\u00a0\u00bb background_color_opacity=\u00a0\u00bb1&Prime; width=\u00a0\u00bb1\/1&Prime;][vc_column_text]\n<div style=\"font-size: 32px; color: #fff;\"><strong>Avons-nous \u00e9veill\u00e9 votre int\u00e9r\u00eat ou avez-vous des questions \u00e0 nous poser?<\/strong><\/div>\n[\/vc_column_text][divider line_type=\u00a0\u00bbNo Line\u00a0\u00bb custom_height=\u00a0\u00bb50&Prime;][vc_column_text]<a class=\"nectar-button n-sc-button large accent-color regular-button\"  href=\"https:\/\/www.wgservices.ch\/fr\/contact\/\" data-color-override=\"false\" data-hover-color-override=\"false\" data-hover-text-color-override=\"#fff\"><span>Contactez-nous<\/span><\/a>[\/vc_column_text][\/vc_column_inner][\/vc_row_inner][divider line_type=\u00a0\u00bbNo Line\u00a0\u00bb custom_height=\u00a0\u00bb50&Prime;][\/vc_column][\/vc_row]\n","protected":false},"excerpt":{"rendered":"<p>[vc_row type=\u00a0\u00bbin_container\u00a0\u00bb scene_position=\u00a0\u00bbcenter\u00a0\u00bb text_color=\u00a0\u00bbdark\u00a0\u00bb text_align=\u00a0\u00bbleft\u00a0\u00bb overlay_strength=\u00a0\u00bb0.3&Prime;][vc_column column_padding=\u00a0\u00bbno-extra-padding\u00a0\u00bb column_padding_position=\u00a0\u00bball\u00a0\u00bb background_color_opacity=\u00a0\u00bb1&Prime; background_hover_color_opacity=\u00a0\u00bb1&Prime; width=\u00a0\u00bb1\/1&Prime;][\/vc_column][\/vc_row][vc_row type=\u00a0\u00bbin_container\u00a0\u00bb scene_position=\u00a0\u00bbcenter\u00a0\u00bb text_color=\u00a0\u00bbdark\u00a0\u00bb text_align=\u00a0\u00bbleft\u00a0\u00bb overlay_strength=\u00a0\u00bb0.3&Prime;][vc_column column_padding=\u00a0\u00bbno-extra-padding\u00a0\u00bb column_padding_position=\u00a0\u00bball\u00a0\u00bb background_color_opacity=\u00a0\u00bb1&Prime; background_hover_color_opacity=\u00a0\u00bb1&Prime; width=\u00a0\u00bb1\/1&Prime;][divider line_type=\u00a0\u00bbNo Line\u00a0\u00bb custom_height=\u00a0\u00bb60&Prime;][vc_column_text] Solutions pour le nettoyage des b\u00e2timents&#8230;<\/p>\n","protected":false},"author":1,"featured_media":0,"parent":0,"menu_order":0,"comment_status":"closed","ping_status":"closed","template":"","meta":{"footnotes":""},"class_list":["post-1164","page","type-page","status-publish"],"_links":{"self":[{"href":"https:\/\/www.wgservices.ch\/fr\/wp-json\/wp\/v2\/pages\/1164","targetHints":{"allow":["GET"]}}],"collection":[{"href":"https:\/\/www.wgservices.ch\/fr\/wp-json\/wp\/v2\/pages"}],"about":[{"href":"https:\/\/www.wgservices.ch\/fr\/wp-json\/wp\/v2\/types\/page"}],"author":[{"embeddable":true,"href":"https:\/\/www.wgservices.ch\/fr\/wp-json\/wp\/v2\/users\/1"}],"replies":[{"embeddable":true,"href":"https:\/\/www.wgservices.ch\/fr\/wp-json\/wp\/v2\/comments?post=1164"}],"version-history":[{"count":11,"href":"https:\/\/www.wgservices.ch\/fr\/wp-json\/wp\/v2\/pages\/1164\/revisions"}],"predecessor-version":[{"id":2092,"href":"https:\/\/www.wgservices.ch\/fr\/wp-json\/wp\/v2\/pages\/1164\/revisions\/2092"}],"wp:attachment":[{"href":"https:\/\/www.wgservices.ch\/fr\/wp-json\/wp\/v2\/media?parent=1164"}],"curies":[{"name":"wp","href":"https:\/\/api.w.org\/{rel}","templated":true}]}}