{"id":884,"date":"2016-06-22T07:55:06","date_gmt":"2016-06-22T07:55:06","guid":{"rendered":"https:\/\/www.wgservices.ch\/?page_id=884&#038;lang=fr"},"modified":"2019-12-30T15:35:48","modified_gmt":"2019-12-30T15:35:48","slug":"formations","status":"publish","type":"page","link":"https:\/\/www.wgservices.ch\/fr\/formations\/","title":{"rendered":"Formations"},"content":{"rendered":"[vc_row type=\u00a0\u00bbfull_width_content\u00a0\u00bb scene_position=\u00a0\u00bbcenter\u00a0\u00bb text_color=\u00a0\u00bblight\u00a0\u00bb text_align=\u00a0\u00bbleft\u00a0\u00bb overlay_strength=\u00a0\u00bb0.3&Prime;][vc_column column_padding=\u00a0\u00bbno-extra-padding\u00a0\u00bb column_padding_position=\u00a0\u00bball\u00a0\u00bb background_color_opacity=\u00a0\u00bb1&Prime; background_hover_color_opacity=\u00a0\u00bb1&Prime; width=\u00a0\u00bb1\/1&Prime;]<style type=\"text\/css\">@media only screen and (min-width: 1300px) { #nectar-slider-instance-1, #nectar-slider-instance-1 .swiper-container { height: 400px; }  } @media only screen and (max-width: 1299px) { #nectar-slider-instance-1, #nectar-slider-instance-1 .swiper-container { height: 333.33333333333px; }  } @media only screen and (max-width: 1000px) { #nectar-slider-instance-1, #nectar-slider-instance-1 .swiper-container { height: 285.71428571429px; }  } @media only screen and (max-width: 690px) { #nectar-slider-instance-1, #nectar-slider-instance-1 .swiper-container { height: 148.14814814815px; }  } <\/style><div data-midnight=\"nectar-slider\" class=\"parallax_slider_outer \"><div  data-transition=\"slide\" data-overall_style=\"classic\" data-flexible-height=\"\" data-animate-in-effect=\"none\" data-fullscreen=\"false\" data-button-sizing=\"regular\" data-button-styling=\"btn_with_count\" data-autorotate=\"\" data-parallax=\"true\" data-parallax-disable-mobile=\"\" data-caption-trans=\"fade_in_from_bottom\" data-parallax-style=\"bg_only\" data-bg-animation=\"none\" data-full-width=\"true\" class=\"nectar-slider-wrap \" id=\"nectar-slider-instance-1\"><div class=\"swiper-container\"  data-tho=\"auto\" data-tco=\"auto\" data-pho=\"auto\" data-pco=\"auto\" data-loop=\"false\" data-height=\"400\" data-min-height=\"\" data-arrows=\"false\" data-bullets=\"false\" data-bullet_style=\"see_through\" data-bullet_position=\"bottom\" data-desktop-swipe=\"false\" data-settings=\"\"> <div class=\"swiper-wrapper\"><div class=\"swiper-slide\" data-desktop-content-width=\"\" data-tablet-content-width=\"\" data-bg-alignment=\"center\" data-color-scheme=\"light\" data-x-pos=\"left\" data-y-pos=\"middle\" ><div class=\"slide-bg-wrap\"><div class=\"image-bg\" style=\"background-image: url(https:\/\/www.wgservices.ch\/wp-content\/uploads\/2015\/11\/schulungen-wgs-titel.jpg);\"> &nbsp; <\/div><\/div><div class=\"container\">\n\t\t\t\t\t\t<div class=\"content\"><h2 class=\"ns-heading-el\">Les cours d'hygi\u00e8ne et de nettoyage<\/h2><\/div>\n\t\t\t\t\t\t\t\t<\/div><!--\/container--><div class=\"video-texture active_texture\"> <span class=\"ie-fix\"><\/span> <\/div><\/div> <!--\/swiper-slide--><\/div><div class=\"nectar-slider-loading \"> <span class=\"loading-icon spin\">   <\/span> <\/div> <\/div> \n\t\t\t\t\t\n\t\t\t\t\t<\/div><\/div>[\/vc_column][\/vc_row][vc_row type=\u00a0\u00bbin_container\u00a0\u00bb scene_position=\u00a0\u00bbcenter\u00a0\u00bb text_color=\u00a0\u00bbdark\u00a0\u00bb text_align=\u00a0\u00bbleft\u00a0\u00bb overlay_strength=\u00a0\u00bb0.3&Prime;][vc_column column_padding=\u00a0\u00bbno-extra-padding\u00a0\u00bb column_padding_position=\u00a0\u00bball\u00a0\u00bb background_color_opacity=\u00a0\u00bb1&Prime; background_hover_color_opacity=\u00a0\u00bb1&Prime; width=\u00a0\u00bb1\/1&Prime;][divider line_type=\u00a0\u00bbNo Line\u00a0\u00bb custom_height=\u00a0\u00bb40&Prime;][vc_column_text]Les cours d&rsquo;hygi\u00e8ne et de nettoyage de Weita Service sont donn\u00e9s par des collaborateurs qualifi\u00e9s dans nos locaux de formation \u00e0 M\u00f6hlin et sur place chez le client. <\/p>\n<p><strong>Th\u00e8me de l&rsquo;hygi\u00e8ne:<\/strong><\/p>\n<ul>\n<li>Les participants acqui\u00e8rent dans le cadre des formations de base \u00e0 l&rsquo;hygi\u00e8ne des connaissances sur les microorganismes, les mesures standard, les modes de transmission, l&rsquo;hygi\u00e8ne des mains et la d\u00e9sinfection.<\/li>\n<li>Nous vous proposons \u00e9galement des formations individuelles sur tous les th\u00e8mes ayant trait \u00e0 l&rsquo;hygi\u00e8ne. Compos\u00e9es en fonction de vos souhaits et besoins, pour tous les corps de m\u00e9tier dans votre entreprise.<\/li>\n<li>Le th\u00e8me de l&rsquo;hygi\u00e8ne recoupe aussi souvent ceux de la s\u00e9curit\u00e9 au travail et de la protection de la sant\u00e9. Surtout dans la manipulation des d\u00e9sinfectants et des produits de nettoyage. Souhaitez-vous une formation sp\u00e9ciale dans ce domaine? Nous pouvons aussi vous en proposer.<\/li>\n<\/ul>\n<p><strong>Th\u00e8me du nettoyage:<\/strong><\/p>\n<ul>\n<li>Nous vous apprenons, dans le cadre de formations th\u00e9oriques et pratiques, \u00e0 nettoyer de mani\u00e8re optimale diff\u00e9rents rev\u00eatements de sol et mat\u00e9riaux. De m\u00eame qu&rsquo;\u00e0 utiliser les appareils et les machines.<\/li>\n<li>Les participants acqui\u00e8rent les rudiments du nettoyage moderne des b\u00e2timents dans les cours de base.<\/li>\n<li>Nous organisons \u00e9galement, m\u00eame dans votre entreprise, des cours sp\u00e9cialement adapt\u00e9s \u00e0 vos besoins et \u00e0 votre situation pour tous les th\u00e8mes que vous souhaitez aborder dans le domaine du nettoyage.<\/li>\n<li>Divers rev\u00eatements de sol sont pos\u00e9s dans notre centre de nettoyage pour la partie pratique des formations: lamin\u00e9, parquet scell\u00e9, parquet non scell\u00e9, dalles en gr\u00e8s c\u00e9rame, marbre, carreaux en c\u00e9ramique, linol\u00e9um, rev\u00eatement en PVC, pierre naturelle, pierre synth\u00e9tique, moquette et Kugelgarn<\/li>\n<\/ul>\n[\/vc_column_text][\/vc_column][\/vc_row][vc_row type=\u00a0\u00bbin_container\u00a0\u00bb scene_position=\u00a0\u00bbcenter\u00a0\u00bb text_color=\u00a0\u00bbdark\u00a0\u00bb text_align=\u00a0\u00bbleft\u00a0\u00bb overlay_strength=\u00a0\u00bb0.3&Prime;][vc_column column_padding=\u00a0\u00bbno-extra-padding\u00a0\u00bb column_padding_position=\u00a0\u00bball\u00a0\u00bb background_color_opacity=\u00a0\u00bb1&Prime; background_hover_color_opacity=\u00a0\u00bb1&Prime; width=\u00a0\u00bb1\/1&Prime;][divider line_type=\u00a0\u00bbNo Line\u00a0\u00bb custom_height=\u00a0\u00bb40&Prime;][vc_column_text]\n<h2 style=\"color: #70b52c; font-size: 30px;\">Cours pratiques de nettoyage<\/h2>\n[\/vc_column_text][\/vc_column][\/vc_row][vc_row type=\u00a0\u00bbin_container\u00a0\u00bb scene_position=\u00a0\u00bbcenter\u00a0\u00bb text_color=\u00a0\u00bbdark\u00a0\u00bb text_align=\u00a0\u00bbleft\u00a0\u00bb overlay_strength=\u00a0\u00bb0.3&Prime;][vc_column column_padding=\u00a0\u00bbno-extra-padding\u00a0\u00bb column_padding_position=\u00a0\u00bball\u00a0\u00bb background_color_opacity=\u00a0\u00bb1&Prime; background_hover_color_opacity=\u00a0\u00bb1&Prime; width=\u00a0\u00bb1\/1&Prime;][vc_column_text]\n<table class=\"footable1\">\n<thead>\n<tr>\n<th>TITRE DU COURS<\/th>\n<th data-hide=\"phone\">GROUPE-CIBLE<\/th>\n<th data-hide=\"phone\">DESCRIPTIF<\/th>\n<th data-hide=\"phone\">DATES<\/th>\n<th data-hide=\"phone\">CO\u00dbTS*<\/th>\n<\/tr>\n<\/thead>\n<tbody>\n<tr>\n<td width=\"22%\"><strong>Pierre naturelle\/synth\u00e9tique et rev\u00eatements en bois<\/strong><\/td>\n<td width=\"22%\">Collaborateurs charg\u00e9s du nettoyage \u00e0 tous les niveaux<\/td>\n<td width=\"40%\">Nettoyage, cristallisation et d\u00e9capage de diff\u00e9rents rev\u00eatements en pierre et traitement des sols en parquet<\/td>\n<td width=\"8%\">23.02.2017<\/td>\n<td width=\"8%\">CHF 390.-<\/td>\n<\/tr>\n<tr>\n<td><strong>Nettoyage sanitaire\u00a0et nettoyage \u00e0 la mousse<\/strong><\/td>\n<td>Collaborateurs charg\u00e9s du nettoyage \u00e0 tous les niveaux<\/td>\n<td>Nettoyage \u00e0 la mousse d&rsquo;installations dans le domaine sanitaire et alimentaire<\/td>\n<td>26.04.2017<\/td>\n<td>CHF 390.-<\/td>\n<\/tr>\n<tr>\n<td><strong>Retrait des graffitis et\u00a0nettoyage \u00e0 haute pression \u00e0 l&rsquo;ext\u00e9rieur <\/strong><\/td>\n<td>Collaborateurs charg\u00e9s du nettoyage \u00e0 tous les niveaux<\/td>\n<td>Retrait efficace des graffitis \u00e0 l&rsquo;ext\u00e9rieur\u00a0et nettoyage professionnel \u00e0 haute pression<\/td>\n<td>27.06.2017<\/td>\n<td>CHF 390.-<\/td>\n<\/tr>\n<tr>\n<td><strong>Les bases\u00a0sur le\u00a0nettoyage professionnel des b\u00e2timents<\/strong><\/td>\n<td>Collaborateurs d&rsquo;entreprises de nettoyage des b\u00e2timents<\/td>\n<td>\u00a0<\/td>\n<td>03.03.2017<\/td>\n<td>CHF 390.-<\/td>\n<\/tr>\n<tr>\n<td><strong>Nettoyage final du logement<\/strong><\/td>\n<td>Collaborateurs d&rsquo;entreprises de nettoyage des b\u00e2timents<\/td>\n<td>Nettoyage de A \u00e0 Z avec proc\u00e8s-verbal de remise, nettoyage du logement, cr\u00e9ation de listes de contr\u00f4le<\/td>\n<td>23.05.2017<\/td>\n<td>CHF 390.-<\/td>\n<\/tr>\n<\/tbody>\n<\/table>\n<p>*Ganzer Tag pro Person[\/vc_column_text][\/vc_column][\/vc_row][vc_row type=\u00a0\u00bbin_container\u00a0\u00bb scene_position=\u00a0\u00bbcenter\u00a0\u00bb text_color=\u00a0\u00bbdark\u00a0\u00bb text_align=\u00a0\u00bbleft\u00a0\u00bb overlay_strength=\u00a0\u00bb0.3&Prime;][vc_column column_padding=\u00a0\u00bbno-extra-padding\u00a0\u00bb column_padding_position=\u00a0\u00bball\u00a0\u00bb background_color_opacity=\u00a0\u00bb1&Prime; background_hover_color_opacity=\u00a0\u00bb1&Prime; width=\u00a0\u00bb1\/1&Prime;][divider line_type=\u00a0\u00bbNo Line\u00a0\u00bb custom_height=\u00a0\u00bb40&Prime;][vc_column_text]\n<h2 style=\"color: #333333; font-size: 30px;\">Ateliers dans votre entreprise<\/h2>\n[\/vc_column_text][\/vc_column][\/vc_row][vc_row type=\u00a0\u00bbin_container\u00a0\u00bb scene_position=\u00a0\u00bbcenter\u00a0\u00bb text_color=\u00a0\u00bbdark\u00a0\u00bb text_align=\u00a0\u00bbleft\u00a0\u00bb overlay_strength=\u00a0\u00bb0.3&Prime;][vc_column column_padding=\u00a0\u00bbno-extra-padding\u00a0\u00bb column_padding_position=\u00a0\u00bball\u00a0\u00bb background_color_opacity=\u00a0\u00bb1&Prime; background_hover_color_opacity=\u00a0\u00bb1&Prime; width=\u00a0\u00bb1\/1&Prime;][vc_column_text]\n<table class=\"footable2\">\n<thead>\n<tr>\n<th>COURS COLLECTIF<\/th>\n<th data-hide=\"phone\">GROUPE-CIBLE<\/th>\n<th data-hide=\"phone\">DESCRIPTIF<\/th>\n<th data-hide=\"phone\">DATES<\/th>\n<th data-hide=\"phone\">CO\u00dbTS*<\/th>\n<\/tr>\n<\/thead>\n<tbody>\n<tr>\n<td width=\"22%\"><strong>Cours collectif de 3 \u00e0 15 personnes<\/strong><\/td>\n<td width=\"22%\">Collaborateurs charg\u00e9s du nettoyage \u00e0 tous les niveaux<\/td>\n<td width=\"40%\">Th\u00e8mes: voir cours<\/td>\n<td width=\"8%\">A votre convenance. Contactez-nous.<\/td>\n<td width=\"8%\">\u00a0CHF 1&rsquo;300.-<\/td>\n<\/tr>\n<\/tbody>\n<\/table>\n[\/vc_column_text][divider line_type=\u00a0\u00bbNo Line\u00a0\u00bb custom_height=\u00a0\u00bb30&Prime;][\/vc_column][\/vc_row][vc_row type=\u00a0\u00bbin_container\u00a0\u00bb scene_position=\u00a0\u00bbcenter\u00a0\u00bb text_color=\u00a0\u00bbdark\u00a0\u00bb text_align=\u00a0\u00bbleft\u00a0\u00bb overlay_strength=\u00a0\u00bb0.3&Prime;][vc_column column_padding=\u00a0\u00bbno-extra-padding\u00a0\u00bb column_padding_position=\u00a0\u00bball\u00a0\u00bb background_color_opacity=\u00a0\u00bb1&Prime; background_hover_color_opacity=\u00a0\u00bb1&Prime; width=\u00a0\u00bb1\/1&Prime;][vc_column_text]\n<table class=\"footable3\">\n<thead>\n<tr>\n<th>ATELIERS<\/th>\n<th data-hide=\"phone\">GROUPE-CIBLE<\/th>\n<th data-hide=\"phone\">DESCRIPTIF<\/th>\n<th data-hide=\"phone\">DATES<\/th>\n<th data-hide=\"phone\">CO\u00dbTS*<\/th>\n<\/tr>\n<\/thead>\n<tbody>\n<tr>\n<td width=\"22%\"><strong>Nettoyage d&rsquo;entretien dans votre entreprise<\/strong><\/td>\n<td width=\"22%\">Collaborateurs et cadres de tous les domaines du nettoyage<\/td>\n<td width=\"40%\">Rudiments du nettoyage des b\u00e2timents, utilisation correcte de diverses machines de nettoyage<\/td>\n<td width=\"8%\">Daten auf Ihren Wunsch<\/td>\n<td width=\"8%\">CHF 1&rsquo;300.-<\/td>\n<\/tr>\n<tr>\n<td><strong>Hygi\u00e8ne en cuisine dans votre entreprise<\/strong><\/td>\n<td>Collaborateurs dans les grandes cuisines et les cuisines collectives<\/td>\n<td>Rudiments d&rsquo;une hygi\u00e8ne en cuisine professionnelle, adapt\u00e9s \u00e0 vos besoins personnels<\/td>\n<td>Daten auf Ihren Wunsch<\/td>\n<td>CHF 1&rsquo;300.-<\/td>\n<\/tr>\n<tr>\n<td><strong>Hygi\u00e8ne textile dans votre entreprise<\/strong><\/td>\n<td>Collaborateurs dans les blanchisseries<\/td>\n<td>Aper\u00e7u des rudiments du nettoyage textile professionnel, de l&rsquo;ergonomie et de la s\u00e9curit\u00e9 au travail<\/td>\n<td>Daten auf Ihren Wunsch<\/td>\n<td>CHF 1&rsquo;300.-<\/td>\n<\/tr>\n<tr>\n<td><strong>Erste Hilfe bei Arbeitsunf\u00e4llen<\/strong><\/td>\n<td>Collaborateurs et cadres de tous les domaines du nettoyage<\/td>\n<td>Grundlagen der Unfallverh\u00fctung im Reinigungsumfeld, erste Hilfe-Massnahmen<\/td>\n<td>Daten auf Ihren Wunsch<\/td>\n<td>CHF 1&rsquo;300.-<\/td>\n<\/tr>\n<tr>\n<td><strong>Hygienisches Reinigen in Spital, Alter-, und Pflegeheimen<\/strong><\/td>\n<td>Mitarbeiter der Reinigung im Spital und in Altersheimen<\/td>\n<td>Vermittlung neuester Kenntnisse und Anwendungen zur hygienischen Reinigung im Gesundheitsbereich<\/td>\n<td>Daten auf Ihren Wunsch<\/td>\n<td>CHF 1&rsquo;300.-<\/td>\n<\/tr>\n<\/tbody>\n<\/table>\n<p>*1\/2 jour par groupe, le samedi CHF 1&rsquo;800.-[\/vc_column_text][divider line_type=\u00a0\u00bbNo Line\u00a0\u00bb custom_height=\u00a0\u00bb40&Prime;][\/vc_column][\/vc_row][vc_row type=\u00a0\u00bbin_container\u00a0\u00bb scene_position=\u00a0\u00bbcenter\u00a0\u00bb text_color=\u00a0\u00bbdark\u00a0\u00bb text_align=\u00a0\u00bbleft\u00a0\u00bb overlay_strength=\u00a0\u00bb0.3&Prime;][vc_column column_padding=\u00a0\u00bbno-extra-padding\u00a0\u00bb column_padding_position=\u00a0\u00bball\u00a0\u00bb background_color_opacity=\u00a0\u00bb1&Prime; background_hover_color_opacity=\u00a0\u00bb1&Prime; width=\u00a0\u00bb1\/1&Prime;][divider line_type=\u00a0\u00bbNo Line\u00a0\u00bb custom_height=\u00a0\u00bb30&Prime;][vc_column_text]\n<div style=\"margin-bottom: 10px;\"><strong>Un cours pratique individuel vous int\u00e9resse-t-il??<\/strong><\/div>\n<a class=\"nectar-button n-sc-button medium extra-color-2 regular-button\"  href=\"mailto:info@wgsag.ch?Subject=Int\u00e9r\u00eat%20en%20cours%20pratique%20individuel\" data-color-override=\"#f333333\" data-hover-color-override=\"false\" data-hover-text-color-override=\"#fff\"><span>\u00c9crivez-nous<\/span><\/a>[\/vc_column_text][\/vc_column][\/vc_row][vc_row type=\u00a0\u00bbin_container\u00a0\u00bb scene_position=\u00a0\u00bbcenter\u00a0\u00bb text_color=\u00a0\u00bbdark\u00a0\u00bb text_align=\u00a0\u00bbleft\u00a0\u00bb overlay_strength=\u00a0\u00bb0.3&Prime;][vc_column column_padding=\u00a0\u00bbno-extra-padding\u00a0\u00bb column_padding_position=\u00a0\u00bball\u00a0\u00bb background_color_opacity=\u00a0\u00bb1&Prime; background_hover_color_opacity=\u00a0\u00bb1&Prime; width=\u00a0\u00bb1\/2&Prime;][vc_column_text]\n<h2>Cours d&rsquo;hygi\u00e8ne pour les institutions m\u00e9dicales<\/h2>\n<p style=\"text-align: right;\"><a href=\"https:\/\/www.wgservices.ch\/fr\/cours-dhygiene-pour-les-collaborateurs-dinstitutions-medicales\/\"><img loading=\"lazy\" decoding=\"async\" class=\"alignnone wp-image-1066 size-full\" src=\"https:\/\/www.wgservices.ch\/wp-content\/uploads\/2016\/06\/schulungen-hygienekurs-image-fr.jpg\" alt=\"cours-dhygiene-pour-les-collaborateurs-dinstitutions-medicales\" width=\"912\" height=\"461\" srcset=\"https:\/\/www.wgservices.ch\/wp-content\/uploads\/2016\/06\/schulungen-hygienekurs-image-fr.jpg 912w, https:\/\/www.wgservices.ch\/wp-content\/uploads\/2016\/06\/schulungen-hygienekurs-image-fr-300x152.jpg 300w, https:\/\/www.wgservices.ch\/wp-content\/uploads\/2016\/06\/schulungen-hygienekurs-image-fr-768x388.jpg 768w\" sizes=\"auto, (max-width: 912px) 100vw, 912px\" \/><\/a> <a class=\"nectar-button n-sc-button medium extra-color-2 regular-button\"  href=\"https:\/\/www.wgservices.ch\/fr\/cours-dhygiene-pour-les-collaborateurs-dinstitutions-medicales\/\" data-color-override=\"#c0338a\" data-hover-color-override=\"false\" data-hover-text-color-override=\"#fff\"><span>Plus d'info<\/span><\/a>\n[\/vc_column_text][\/vc_column][vc_column column_padding=\u00a0\u00bbno-extra-padding\u00a0\u00bb column_padding_position=\u00a0\u00bball\u00a0\u00bb background_color_opacity=\u00a0\u00bb1&Prime; background_hover_color_opacity=\u00a0\u00bb1&Prime; width=\u00a0\u00bb1\/2&Prime;][vc_column_text]\n<h2>Calcul du co\u00fbt du poste de travail<\/h2>\n<p style=\"text-align: right;\"><a href=\"https:\/\/www.wgservices.ch\/fr\/calcul-du-cout-du-poste-de-travail\/\"><img loading=\"lazy\" decoding=\"async\" class=\"alignnone wp-image-1061 size-full\" src=\"https:\/\/www.wgservices.ch\/wp-content\/uploads\/2016\/06\/schulungen-arbeitsplatzberechnung-image-fr.jpg\" alt=\"calcul-du-cout-du-poste-de-travail\" width=\"912\" height=\"461\" srcset=\"https:\/\/www.wgservices.ch\/wp-content\/uploads\/2016\/06\/schulungen-arbeitsplatzberechnung-image-fr.jpg 912w, https:\/\/www.wgservices.ch\/wp-content\/uploads\/2016\/06\/schulungen-arbeitsplatzberechnung-image-fr-300x152.jpg 300w, https:\/\/www.wgservices.ch\/wp-content\/uploads\/2016\/06\/schulungen-arbeitsplatzberechnung-image-fr-768x388.jpg 768w\" sizes=\"auto, (max-width: 912px) 100vw, 912px\" \/><\/a> <a class=\"nectar-button n-sc-button medium extra-color-2 regular-button\"  href=\"https:\/\/www.wgservices.ch\/fr\/calcul-du-cout-du-poste-de-travail\/\" data-color-override=\"#009992\" data-hover-color-override=\"false\" data-hover-text-color-override=\"#fff\"><span>Plus d'info<\/span><\/a>\n[\/vc_column_text][\/vc_column][\/vc_row]\n","protected":false},"excerpt":{"rendered":"<p>[vc_row type=\u00a0\u00bbfull_width_content\u00a0\u00bb scene_position=\u00a0\u00bbcenter\u00a0\u00bb text_color=\u00a0\u00bblight\u00a0\u00bb text_align=\u00a0\u00bbleft\u00a0\u00bb overlay_strength=\u00a0\u00bb0.3&Prime;][vc_column column_padding=\u00a0\u00bbno-extra-padding\u00a0\u00bb column_padding_position=\u00a0\u00bball\u00a0\u00bb background_color_opacity=\u00a0\u00bb1&Prime; background_hover_color_opacity=\u00a0\u00bb1&Prime; width=\u00a0\u00bb1\/1&Prime;][\/vc_column][\/vc_row][vc_row type=\u00a0\u00bbin_container\u00a0\u00bb scene_position=\u00a0\u00bbcenter\u00a0\u00bb text_color=\u00a0\u00bbdark\u00a0\u00bb text_align=\u00a0\u00bbleft\u00a0\u00bb overlay_strength=\u00a0\u00bb0.3&Prime;][vc_column column_padding=\u00a0\u00bbno-extra-padding\u00a0\u00bb column_padding_position=\u00a0\u00bball\u00a0\u00bb background_color_opacity=\u00a0\u00bb1&Prime; background_hover_color_opacity=\u00a0\u00bb1&Prime; width=\u00a0\u00bb1\/1&Prime;][divider line_type=\u00a0\u00bbNo Line\u00a0\u00bb custom_height=\u00a0\u00bb40&Prime;][vc_column_text]Les cours d&rsquo;hygi\u00e8ne et de nettoyage de&#8230;<\/p>\n","protected":false},"author":1,"featured_media":0,"parent":0,"menu_order":0,"comment_status":"closed","ping_status":"closed","template":"","meta":{"footnotes":""},"class_list":["post-884","page","type-page","status-publish"],"_links":{"self":[{"href":"https:\/\/www.wgservices.ch\/fr\/wp-json\/wp\/v2\/pages\/884","targetHints":{"allow":["GET"]}}],"collection":[{"href":"https:\/\/www.wgservices.ch\/fr\/wp-json\/wp\/v2\/pages"}],"about":[{"href":"https:\/\/www.wgservices.ch\/fr\/wp-json\/wp\/v2\/types\/page"}],"author":[{"embeddable":true,"href":"https:\/\/www.wgservices.ch\/fr\/wp-json\/wp\/v2\/users\/1"}],"replies":[{"embeddable":true,"href":"https:\/\/www.wgservices.ch\/fr\/wp-json\/wp\/v2\/comments?post=884"}],"version-history":[{"count":12,"href":"https:\/\/www.wgservices.ch\/fr\/wp-json\/wp\/v2\/pages\/884\/revisions"}],"predecessor-version":[{"id":2087,"href":"https:\/\/www.wgservices.ch\/fr\/wp-json\/wp\/v2\/pages\/884\/revisions\/2087"}],"wp:attachment":[{"href":"https:\/\/www.wgservices.ch\/fr\/wp-json\/wp\/v2\/media?parent=884"}],"curies":[{"name":"wp","href":"https:\/\/api.w.org\/{rel}","templated":true}]}}