{"id":890,"date":"2016-06-22T12:14:24","date_gmt":"2016-06-22T12:14:24","guid":{"rendered":"https:\/\/www.wgservices.ch\/?page_id=890&#038;lang=fr"},"modified":"2016-12-19T10:11:02","modified_gmt":"2016-12-19T10:11:02","slug":"cours-pratique-cours-en-petits-groupes-nettoyage","status":"publish","type":"page","link":"https:\/\/www.wgservices.ch\/fr\/cours-pratique-cours-en-petits-groupes-nettoyage\/","title":{"rendered":"Cours pratique de nettoyage"},"content":{"rendered":"[vc_row type=\u00a0\u00bbfull_width_content\u00a0\u00bb scene_position=\u00a0\u00bbcenter\u00a0\u00bb text_color=\u00a0\u00bblight\u00a0\u00bb text_align=\u00a0\u00bbleft\u00a0\u00bb overlay_strength=\u00a0\u00bb0.3&Prime;][vc_column column_padding=\u00a0\u00bbno-extra-padding\u00a0\u00bb column_padding_position=\u00a0\u00bball\u00a0\u00bb background_color_opacity=\u00a0\u00bb1&Prime; background_hover_color_opacity=\u00a0\u00bb1&Prime; width=\u00a0\u00bb1\/1&Prime;]<style type=\"text\/css\">@media only screen and (min-width: 1300px) { #nectar-slider-instance-1, #nectar-slider-instance-1 .swiper-container { height: 400px; }  } @media only screen and (max-width: 1299px) { #nectar-slider-instance-1, #nectar-slider-instance-1 .swiper-container { height: 333.33333333333px; }  } @media only screen and (max-width: 1000px) { #nectar-slider-instance-1, #nectar-slider-instance-1 .swiper-container { height: 285.71428571429px; }  } @media only screen and (max-width: 690px) { #nectar-slider-instance-1, #nectar-slider-instance-1 .swiper-container { height: 148.14814814815px; }  } <\/style><div data-midnight=\"nectar-slider\" class=\"parallax_slider_outer \"><div  data-transition=\"slide\" data-overall_style=\"classic\" data-flexible-height=\"\" data-animate-in-effect=\"none\" data-fullscreen=\"false\" data-button-sizing=\"regular\" data-button-styling=\"btn_with_count\" data-autorotate=\"\" data-parallax=\"true\" data-parallax-disable-mobile=\"\" data-caption-trans=\"fade_in_from_bottom\" data-parallax-style=\"bg_only\" data-bg-animation=\"none\" data-full-width=\"true\" class=\"nectar-slider-wrap \" id=\"nectar-slider-instance-1\"><div class=\"swiper-container\"  data-tho=\"auto\" data-tco=\"auto\" data-pho=\"auto\" data-pco=\"auto\" data-loop=\"false\" data-height=\"400\" data-min-height=\"\" data-arrows=\"false\" data-bullets=\"false\" data-bullet_style=\"see_through\" data-bullet_position=\"bottom\" data-desktop-swipe=\"false\" data-settings=\"\"> <div class=\"swiper-wrapper\"><div class=\"swiper-slide\" data-desktop-content-width=\"\" data-tablet-content-width=\"\" data-bg-alignment=\"center\" data-color-scheme=\"light\" data-x-pos=\"left\" data-y-pos=\"middle\" ><div class=\"slide-bg-wrap\"><div class=\"image-bg\" style=\"background-image: url(https:\/\/www.wgservices.ch\/wp-content\/uploads\/2015\/11\/schulungen-wgs-titel.jpg);\"> &nbsp; <\/div><\/div><div class=\"container\">\n\t\t\t\t\t\t<div class=\"content\"><h2 class=\"ns-heading-el\">Cours pratique de nettoyage<\/h2><\/div>\n\t\t\t\t\t\t\t\t<\/div><!--\/container--><div class=\"video-texture active_texture\"> <span class=\"ie-fix\"><\/span> <\/div><\/div> <!--\/swiper-slide--><\/div><div class=\"nectar-slider-loading \"> <span class=\"loading-icon spin\">   <\/span> <\/div> <\/div> \n\t\t\t\t\t\n\t\t\t\t\t<\/div><\/div>[\/vc_column][\/vc_row][vc_row type=\u00a0\u00bbin_container\u00a0\u00bb scene_position=\u00a0\u00bbcenter\u00a0\u00bb text_color=\u00a0\u00bbdark\u00a0\u00bb text_align=\u00a0\u00bbleft\u00a0\u00bb overlay_strength=\u00a0\u00bb0.3&Prime;][vc_column column_padding=\u00a0\u00bbno-extra-padding\u00a0\u00bb column_padding_position=\u00a0\u00bball\u00a0\u00bb background_color_opacity=\u00a0\u00bb1&Prime; background_hover_color_opacity=\u00a0\u00bb1&Prime; width=\u00a0\u00bb1\/1&Prime;][divider line_type=\u00a0\u00bbNo Line\u00a0\u00bb custom_height=\u00a0\u00bb30&Prime;][vc_column_text]\n<h2 style=\"color: #70b52c; font-size: 30px;\">Cours pratiques de nettoyage<\/h2>\n[\/vc_column_text][\/vc_column][\/vc_row][vc_row type=\u00a0\u00bbin_container\u00a0\u00bb scene_position=\u00a0\u00bbcenter\u00a0\u00bb text_color=\u00a0\u00bbdark\u00a0\u00bb text_align=\u00a0\u00bbleft\u00a0\u00bb overlay_strength=\u00a0\u00bb0.3&Prime;][vc_column column_padding=\u00a0\u00bbno-extra-padding\u00a0\u00bb column_padding_position=\u00a0\u00bball\u00a0\u00bb background_color_opacity=\u00a0\u00bb1&Prime; background_hover_color_opacity=\u00a0\u00bb1&Prime; width=\u00a0\u00bb1\/1&Prime;][divider line_type=\u00a0\u00bbNo Line\u00a0\u00bb custom_height=\u00a0\u00bb30&Prime;][vc_column_text]\n<table class=\"footable1\">\n<thead>\n<tr>\n<th>TITRE DU COURS<\/th>\n<th data-hide=\"phone\">GROUPE-CIBLE<\/th>\n<th data-hide=\"phone\">DESCRIPTIF<\/th>\n<th data-hide=\"phone\">DATES<\/th>\n<th data-hide=\"phone\">CO\u00dbTS*<\/th>\n<\/tr>\n<\/thead>\n<tbody>\n<tr>\n<td width=\"22%\"><strong>Pierre naturelle\/synth\u00e9tique et rev\u00eatements en bois<\/strong><\/td>\n<td width=\"22%\">Collaborateurs charg\u00e9s du nettoyage \u00e0 tous les niveaux<\/td>\n<td width=\"40%\">Nettoyage, cristallisation et d\u00e9capage de diff\u00e9rents rev\u00eatements en pierre et traitement des sols en parquet<\/td>\n<td width=\"8%\">23.02.2017<\/td>\n<td width=\"8%\">CHF 390.-<\/td>\n<\/tr>\n<tr>\n<td><strong>Nettoyage sanitaire\u00a0et nettoyage \u00e0 la mousse<\/strong><\/td>\n<td>Collaborateurs charg\u00e9s du nettoyage \u00e0 tous les niveaux<\/td>\n<td>Nettoyage \u00e0 la mousse d&rsquo;installations dans le domaine sanitaire et alimentaire<\/td>\n<td>26.04.2017<\/td>\n<td>CHF 390.-<\/td>\n<\/tr>\n<tr>\n<td><strong>Retrait des graffitis et\u00a0nettoyage \u00e0 haute pression \u00e0 l&rsquo;ext\u00e9rieur <\/strong><\/td>\n<td>Collaborateurs charg\u00e9s du nettoyage \u00e0 tous les niveaux<\/td>\n<td>Retrait efficace des graffitis \u00e0 l&rsquo;ext\u00e9rieur\u00a0et nettoyage professionnel \u00e0 haute pression<\/td>\n<td>27.06.2017<\/td>\n<td>CHF 390.-<\/td>\n<\/tr>\n<tr>\n<td><strong>Les bases\u00a0sur le\u00a0nettoyage professionnel des b\u00e2timents<\/strong><\/td>\n<td>Collaborateurs d&rsquo;entreprises de nettoyage des b\u00e2timents<\/td>\n<td><\/td>\n<td>03.03.2017<\/td>\n<td>CHF 390.-<\/td>\n<\/tr>\n<tr>\n<td><strong>Nettoyage final du logement<\/strong><\/td>\n<td>Collaborateurs d&rsquo;entreprises de nettoyage des b\u00e2timents<\/td>\n<td>Nettoyage de A \u00e0 Z avec proc\u00e8s-verbal de remise, nettoyage du logement, cr\u00e9ation de listes de contr\u00f4le<\/td>\n<td>23.05.2017<\/td>\n<td>CHF 390.-<\/td>\n<\/tr>\n<\/tbody>\n<\/table>\n<p>*1 jour par personne[\/vc_column_text][\/vc_column][\/vc_row][vc_row type=\u00a0\u00bbin_container\u00a0\u00bb scene_position=\u00a0\u00bbcenter\u00a0\u00bb text_color=\u00a0\u00bbdark\u00a0\u00bb text_align=\u00a0\u00bbleft\u00a0\u00bb overlay_strength=\u00a0\u00bb0.3&Prime;][vc_column column_padding=\u00a0\u00bbno-extra-padding\u00a0\u00bb column_padding_position=\u00a0\u00bball\u00a0\u00bb background_color_opacity=\u00a0\u00bb1&Prime; background_hover_color_opacity=\u00a0\u00bb1&Prime; width=\u00a0\u00bb1\/1&Prime;][divider line_type=\u00a0\u00bbNo Line\u00a0\u00bb custom_height=\u00a0\u00bb30&Prime;][vc_column_text]\n<h2 style=\"color: #70b52c; font-size: 30px;\">Informations g\u00e9n\u00e9rales<\/h2>\n<p><strong>Inscription:<\/strong><\/p>\n<ul>\n<li>Nous vous prions de bien vouloir vous inscrire de bonne heure car le nombre de participants est limit\u00e9.<\/li>\n<li>Les inscriptions seront prises en compte dans l\u2019ordre de leur arriv\u00e9e.<\/li>\n<li>D\u00e9sinscription gratuite jusqu\u2019\u00e0 7 jours avant le d\u00e9but du cours.<\/li>\n<li>Les cours seront organis\u00e9s \u00e0 partir d\u2019un nombre minimum de participants.<\/li>\n<\/ul>\n<p><strong>Confirmation:<br \/>\n<\/strong>Vous recevrez une confirmation d\u00e8s que nous aurons re\u00e7u votre inscription.<\/p>\n<p><strong>Annulation:<br \/>\n<\/strong>Si vous ne pouvez pas participer \u00e0 un s\u00e9minaire, nous vous prions de bien<br \/>\nvouloir nous en faire part par \u00e9crit ou oralement au moins 1 semaine avant le d\u00e9but du cours.<\/p>\n<p><strong>Dur\u00e9e des cours:<br \/>\n<\/strong>9h00\u201317h00 ou demi-journ\u00e9e<\/p>\n<p><strong>Frais:<br \/>\n<\/strong>Prix en CHF hors TVA<br \/>\nLes frais de cours comprennent les documents du cours, le certificat et les repas.<\/p>\n<p><strong>Acc\u00e8s:<br \/>\n<\/strong>Il y a des emplacements de parking. Nous venons chercher les participants<br \/>\narrivant en train \u00e0 la gare de M\u00f6hlin moyennant une notification pr\u00e9alable.<\/p>\n<p><strong>Divers:<br \/>\n<\/strong>Nous vous accordons une r\u00e9duction de 25% en cas<br \/>\nd\u2019inscription \u00e0 3 cours de votre choix par personne.<\/p>\n<p>L\u2019\u00e9quipe de formateurs est compos\u00e9e de sp\u00e9cialistes des domaines correspondants:<\/p>\n<ul>\n<li>nettoyage des b\u00e2timents<\/li>\n<li>h\u00f4tellerie<\/li>\n<li>h\u00f4pitaux et EMS<\/li>\n<li>hygi\u00e8ne textile<\/li>\n<li>hygi\u00e8ne en cuisine<\/li>\n<li>hygi\u00e8ne alimentaire<\/li>\n<\/ul>\n[\/vc_column_text][\/vc_column][\/vc_row][vc_row type=\u00a0\u00bbin_container\u00a0\u00bb scene_position=\u00a0\u00bbcenter\u00a0\u00bb text_color=\u00a0\u00bbdark\u00a0\u00bb text_align=\u00a0\u00bbleft\u00a0\u00bb overlay_strength=\u00a0\u00bb0.3&Prime;][vc_column column_padding=\u00a0\u00bbno-extra-padding\u00a0\u00bb column_padding_position=\u00a0\u00bball\u00a0\u00bb background_color_opacity=\u00a0\u00bb1&Prime; background_hover_color_opacity=\u00a0\u00bb1&Prime; width=\u00a0\u00bb1\/1&Prime;][vc_column_text]\n<div style=\"margin-bottom: 10px;\"><strong>Un cours pratique individuel vous int\u00e9resse-t-il?<\/strong><\/div>\n<a class=\"nectar-button n-sc-button medium extra-color-2 regular-button\"  href=\"mailto:info@wgsag.ch?Subject=Int\u00e9r\u00eat%20en%20cours%20pratique%20individuel\" data-color-override=\"#333333\" data-hover-color-override=\"false\" data-hover-text-color-override=\"#fff\"><span>\u00c9crivez-nous<\/span><\/a>[\/vc_column_text][divider line_type=\u00a0\u00bbNo Line\u00a0\u00bb custom_height=\u00a0\u00bb80&Prime;][\/vc_column][\/vc_row]\n","protected":false},"excerpt":{"rendered":"<p>[vc_row type=\u00a0\u00bbfull_width_content\u00a0\u00bb scene_position=\u00a0\u00bbcenter\u00a0\u00bb text_color=\u00a0\u00bblight\u00a0\u00bb text_align=\u00a0\u00bbleft\u00a0\u00bb overlay_strength=\u00a0\u00bb0.3&Prime;][vc_column column_padding=\u00a0\u00bbno-extra-padding\u00a0\u00bb column_padding_position=\u00a0\u00bball\u00a0\u00bb background_color_opacity=\u00a0\u00bb1&Prime; background_hover_color_opacity=\u00a0\u00bb1&Prime; width=\u00a0\u00bb1\/1&Prime;][\/vc_column][\/vc_row][vc_row type=\u00a0\u00bbin_container\u00a0\u00bb scene_position=\u00a0\u00bbcenter\u00a0\u00bb text_color=\u00a0\u00bbdark\u00a0\u00bb text_align=\u00a0\u00bbleft\u00a0\u00bb overlay_strength=\u00a0\u00bb0.3&Prime;][vc_column column_padding=\u00a0\u00bbno-extra-padding\u00a0\u00bb column_padding_position=\u00a0\u00bball\u00a0\u00bb background_color_opacity=\u00a0\u00bb1&Prime; background_hover_color_opacity=\u00a0\u00bb1&Prime; width=\u00a0\u00bb1\/1&Prime;][divider line_type=\u00a0\u00bbNo Line\u00a0\u00bb custom_height=\u00a0\u00bb30&Prime;][vc_column_text] Cours pratiques de nettoyage [\/vc_column_text][\/vc_column][\/vc_row][vc_row type=\u00a0\u00bbin_container\u00a0\u00bb&#8230;<\/p>\n","protected":false},"author":1,"featured_media":0,"parent":0,"menu_order":0,"comment_status":"closed","ping_status":"closed","template":"","meta":{"footnotes":""},"class_list":["post-890","page","type-page","status-publish"],"_links":{"self":[{"href":"https:\/\/www.wgservices.ch\/fr\/wp-json\/wp\/v2\/pages\/890","targetHints":{"allow":["GET"]}}],"collection":[{"href":"https:\/\/www.wgservices.ch\/fr\/wp-json\/wp\/v2\/pages"}],"about":[{"href":"https:\/\/www.wgservices.ch\/fr\/wp-json\/wp\/v2\/types\/page"}],"author":[{"embeddable":true,"href":"https:\/\/www.wgservices.ch\/fr\/wp-json\/wp\/v2\/users\/1"}],"replies":[{"embeddable":true,"href":"https:\/\/www.wgservices.ch\/fr\/wp-json\/wp\/v2\/comments?post=890"}],"version-history":[{"count":11,"href":"https:\/\/www.wgservices.ch\/fr\/wp-json\/wp\/v2\/pages\/890\/revisions"}],"predecessor-version":[{"id":1359,"href":"https:\/\/www.wgservices.ch\/fr\/wp-json\/wp\/v2\/pages\/890\/revisions\/1359"}],"wp:attachment":[{"href":"https:\/\/www.wgservices.ch\/fr\/wp-json\/wp\/v2\/media?parent=890"}],"curies":[{"name":"wp","href":"https:\/\/api.w.org\/{rel}","templated":true}]}}