{"id":907,"date":"2016-06-23T14:54:38","date_gmt":"2016-06-23T14:54:38","guid":{"rendered":"https:\/\/www.wgservices.ch\/?page_id=907&#038;lang=fr"},"modified":"2016-07-05T15:36:31","modified_gmt":"2016-07-05T15:36:31","slug":"cours-pratique-nettoyage-a-haute-pression-a-lexterieurnettoyage-a-la-mousse","status":"publish","type":"page","link":"https:\/\/www.wgservices.ch\/fr\/cours-pratique-cours-en-petits-groupes-nettoyage\/cours-pratique-nettoyage-a-haute-pression-a-lexterieurnettoyage-a-la-mousse\/","title":{"rendered":"Cours pratique: nettoyage \u00e0 haute pression \u00e0 l&rsquo;ext\u00e9rieur\/nettoyage \u00e0 la mousse"},"content":{"rendered":"[vc_row type=\u00a0\u00bbin_container\u00a0\u00bb scene_position=\u00a0\u00bbcenter\u00a0\u00bb text_color=\u00a0\u00bbdark\u00a0\u00bb text_align=\u00a0\u00bbleft\u00a0\u00bb overlay_strength=\u00a0\u00bb0.3&Prime;][vc_column column_padding=\u00a0\u00bbno-extra-padding\u00a0\u00bb column_padding_position=\u00a0\u00bball\u00a0\u00bb background_color_opacity=\u00a0\u00bb1&Prime; background_hover_color_opacity=\u00a0\u00bb1&Prime; width=\u00a0\u00bb2\/3&Prime;][image_with_animation image_url=\u00a0\u00bb1065&Prime; alignment=\u00a0\u00bb\u00a0\u00bb animation=\u00a0\u00bbGrow In\u00a0\u00bb][vc_column_text]\n<table>\n<tbody>\n<tr>\n<td style=\"font-weight: bold;\" width=\"15%\">Titre:<\/td>\n<td width=\"85%\">Cours pratique: nettoyage \u00e0 haute pression \u00e0 l&rsquo;ext\u00e9rieur\/nettoyage \u00e0 la mousse<\/td>\n<\/tr>\n<tr>\n<td style=\"font-weight: bold;\" width=\"15%\">Dur\u00e9e:<\/td>\n<td width=\"85%\">1 jour<\/td>\n<\/tr>\n<tr>\n<td style=\"font-weight: bold;\" width=\"15%\">Lieu:<\/td>\n<td width=\"85%\">M\u00f6hlin<\/td>\n<\/tr>\n<tr>\n<td style=\"font-weight: bold;\" width=\"15%\">Groupe-cible:<\/td>\n<td width=\"85%\">Collaborateurs charg\u00e9s du nettoyage \u00e0 tous les niveaux dans tous les segments<\/td>\n<\/tr>\n<tr>\n<td style=\"font-weight: bold;\" width=\"15%\">Date:<\/td>\n<td width=\"85%\">06.04.2016<\/td>\n<\/tr>\n<tr>\n<td style=\"font-weight: bold;\" width=\"15%\">Objectif:<\/td>\n<td width=\"85%\">Les participants sont en mesure d&rsquo;utiliser diff\u00e9rents appareils \u00e0 haute pression, de r\u00e9aliser de petits entretiens et divers nettoyages sur des surfaces et des lamelles.<\/td>\n<\/tr>\n<tr>\n<td style=\"font-weight: bold;\" width=\"15%\">Contenus:<\/td>\n<td width=\"85%\">\n<ul>\n<li>S\u00e9curit\u00e9 personnelle<\/li>\n<li>Connaissances de base<\/li>\n<li>Conseils et astuces<\/li>\n<li>Entretiens<\/li>\n<li>Nettoyage de lamelles<\/li>\n<li>Nettoyage \u00e0 haute pression<\/li>\n<li>Nettoyage de surfaces<\/li>\n<li>Nettoyage \u00e0 la mousse dans les douches et le domaine alimentaire<\/li>\n<\/ul>\n<\/td>\n<\/tr>\n<tr>\n<td style=\"font-weight: bold;\" width=\"15%\">M\u00e9thode:<\/td>\n<td width=\"85%\">Expos\u00e9s, travaux de groupe, d\u00e9monstration et travaux pratiques des participants<\/td>\n<\/tr>\n<\/tbody>\n<\/table>\n[\/vc_column_text][divider line_type=\u00a0\u00bbNo Line\u00a0\u00bb custom_height=\u00a0\u00bb60&Prime;][\/vc_column][vc_column column_padding=\u00a0\u00bbno-extra-padding\u00a0\u00bb column_padding_position=\u00a0\u00bball\u00a0\u00bb background_color_opacity=\u00a0\u00bb1&Prime; background_hover_color_opacity=\u00a0\u00bb1&Prime; width=\u00a0\u00bb1\/3&Prime;][vc_column_text]\n<h2 style=\"color: #fff; background-color: #70b52c; padding: 10px 0px 10px 20px;\">Inscription aux cours<\/h2>\n\n<div class=\"wpcf7 no-js\" id=\"wpcf7-f910-o1\" lang=\"de-DE\" dir=\"ltr\" data-wpcf7-id=\"910\">\n<div class=\"screen-reader-response\"><p role=\"status\" aria-live=\"polite\" aria-atomic=\"true\"><\/p> <ul><\/ul><\/div>\n<form action=\"\/fr\/wp-json\/wp\/v2\/pages\/907#wpcf7-f910-o1\" method=\"post\" class=\"wpcf7-form init\" aria-label=\"Kontaktformular\" novalidate=\"novalidate\" data-status=\"init\">\n<fieldset class=\"hidden-fields-container\"><input type=\"hidden\" name=\"_wpcf7\" value=\"910\" \/><input type=\"hidden\" name=\"_wpcf7_version\" value=\"6.1.1\" \/><input type=\"hidden\" name=\"_wpcf7_locale\" value=\"de_DE\" \/><input type=\"hidden\" name=\"_wpcf7_unit_tag\" value=\"wpcf7-f910-o1\" \/><input type=\"hidden\" name=\"_wpcf7_container_post\" value=\"0\" \/><input type=\"hidden\" name=\"_wpcf7_posted_data_hash\" value=\"\" \/>\n<\/fieldset>\n<div style=\"margin-top:20px;\">\n\t<p><span style=\"font-size: 12px;\">Participants:<\/span><span class=\"wpcf7-form-control-wrap\" data-name=\"anrede\"><select class=\"wpcf7-form-control wpcf7-select wpcf7-validates-as-required\" aria-required=\"true\" aria-invalid=\"false\" name=\"anrede\"><option value=\"Mme\">Mme<\/option><option value=\"M.\">M.<\/option><\/select><\/span>\n\t<\/p>\n<\/div>\n<div style=\"margin-top:10px;\">\n\t<p><span class=\"wpcf7-form-control-wrap\" data-name=\"vorname\"><input size=\"40\" maxlength=\"400\" class=\"wpcf7-form-control wpcf7-text\" aria-invalid=\"false\" placeholder=\"Pr\u00e9nom\" value=\"\" type=\"text\" name=\"vorname\" \/><\/span>\n\t<\/p>\n<\/div>\n<div style=\"margin-top:10px;\">\n\t<p><span class=\"wpcf7-form-control-wrap\" data-name=\"nachname\"><input size=\"40\" maxlength=\"400\" class=\"wpcf7-form-control wpcf7-text wpcf7-validates-as-required\" aria-required=\"true\" aria-invalid=\"false\" placeholder=\"Nom*\" value=\"\" type=\"text\" name=\"nachname\" \/><\/span>\n\t<\/p>\n<\/div>\n<div style=\"margin-top:20px;\">\n\t<p><span style=\"font-size: 12px;\">Adresse de l'entreprise:<\/span><span class=\"wpcf7-form-control-wrap\" data-name=\"firma\"><input size=\"40\" maxlength=\"400\" class=\"wpcf7-form-control wpcf7-text wpcf7-validates-as-required\" aria-required=\"true\" aria-invalid=\"false\" placeholder=\"Entreprise*\" value=\"\" type=\"text\" name=\"firma\" \/><\/span>\n\t<\/p>\n<\/div>\n<div style=\"margin-top:10px;\">\n\t<p><span class=\"wpcf7-form-control-wrap\" data-name=\"strasse\"><input size=\"40\" maxlength=\"400\" class=\"wpcf7-form-control wpcf7-text wpcf7-validates-as-required\" aria-required=\"true\" aria-invalid=\"false\" placeholder=\"Rue No.*\" value=\"\" type=\"text\" name=\"strasse\" \/><\/span>\n\t<\/p>\n<\/div>\n<div style=\"margin-top:10px;\">\n\t<p><span class=\"wpcf7-form-control-wrap\" data-name=\"plz\"><input size=\"40\" maxlength=\"400\" class=\"wpcf7-form-control wpcf7-text wpcf7-validates-as-required\" aria-required=\"true\" aria-invalid=\"false\" placeholder=\"NPA*\" value=\"\" type=\"text\" name=\"plz\" \/><\/span>\n\t<\/p>\n<\/div>\n<div style=\"margin-top:10px;\">\n\t<p><span class=\"wpcf7-form-control-wrap\" data-name=\"ort\"><input size=\"40\" maxlength=\"400\" class=\"wpcf7-form-control wpcf7-text wpcf7-validates-as-required\" aria-required=\"true\" aria-invalid=\"false\" placeholder=\"Lieu*\" value=\"\" type=\"text\" name=\"ort\" \/><\/span>\n\t<\/p>\n<\/div>\n<div style=\"margin-top:20px;\">\n\t<p><span style=\"font-size: 12px;\">D\u00e9tails de contact:<\/span><span class=\"wpcf7-form-control-wrap\" data-name=\"tel\"><input size=\"40\" maxlength=\"400\" class=\"wpcf7-form-control wpcf7-tel wpcf7-validates-as-required wpcf7-text wpcf7-validates-as-tel\" aria-required=\"true\" aria-invalid=\"false\" placeholder=\"T\u00e9l\u00e9phone\" value=\"\" type=\"tel\" name=\"tel\" \/><\/span>\n\t<\/p>\n<\/div>\n<div style=\"margin-top:10px;\">\n\t<p><span class=\"wpcf7-form-control-wrap\" data-name=\"email\"><input size=\"40\" maxlength=\"400\" class=\"wpcf7-form-control wpcf7-email wpcf7-validates-as-required wpcf7-text wpcf7-validates-as-email\" aria-required=\"true\" aria-invalid=\"false\" placeholder=\"E-Mail*\" value=\"\" type=\"email\" name=\"email\" \/><\/span>\n\t<\/p>\n<\/div>\n<div style=\"margin-top:20px;\">\n\t<p><span style=\"font-size: 12px;\">Autres participants:<\/span><span class=\"wpcf7-form-control-wrap\" data-name=\"teilnehmer\"><textarea cols=\"40\" rows=\"3\" maxlength=\"2000\" class=\"wpcf7-form-control wpcf7-textarea\" aria-invalid=\"false\" placeholder=\"1 participant par ligne (Nom, E-Mail)\" name=\"teilnehmer\"><\/textarea><\/span>\n\t<\/p>\n<\/div>\n<div style=\"margin-top:10px;\">\n\t<p><span style=\"font-size: 12px;\">Adresse de facturation alternative (optional):<\/span><span class=\"wpcf7-form-control-wrap\" data-name=\"firma-rechnung\"><input size=\"40\" maxlength=\"400\" class=\"wpcf7-form-control wpcf7-text\" aria-invalid=\"false\" placeholder=\"Entreprise\" value=\"\" type=\"text\" name=\"firma-rechnung\" \/><\/span>\n\t<\/p>\n<\/div>\n<div style=\"margin-top:10px;\">\n\t<p><span class=\"wpcf7-form-control-wrap\" data-name=\"name-rechnung\"><input size=\"40\" maxlength=\"400\" class=\"wpcf7-form-control wpcf7-text\" aria-invalid=\"false\" placeholder=\"Nom\" value=\"\" type=\"text\" name=\"name-rechnung\" \/><\/span>\n\t<\/p>\n<\/div>\n<div style=\"margin-top:10px;\">\n\t<p><span class=\"wpcf7-form-control-wrap\" data-name=\"strasse-rechnung\"><input size=\"40\" maxlength=\"400\" class=\"wpcf7-form-control wpcf7-text\" aria-invalid=\"false\" placeholder=\"Rue No.*\" value=\"\" type=\"text\" name=\"strasse-rechnung\" \/><\/span>\n\t<\/p>\n<\/div>\n<div style=\"margin-top:10px;\">\n\t<p><span class=\"wpcf7-form-control-wrap\" data-name=\"plz-rechnung\"><input size=\"40\" maxlength=\"400\" class=\"wpcf7-form-control wpcf7-text\" aria-invalid=\"false\" placeholder=\"NPA*\" value=\"\" type=\"text\" name=\"plz-rechnung\" \/><\/span>\n\t<\/p>\n<\/div>\n<div style=\"margin-top:10px;\">\n\t<p><span class=\"wpcf7-form-control-wrap\" data-name=\"ort-rechnung\"><input size=\"40\" maxlength=\"400\" class=\"wpcf7-form-control wpcf7-text\" aria-invalid=\"false\" placeholder=\"Lieu*\" value=\"\" type=\"text\" name=\"ort-rechnung\" \/><\/span>\n\t<\/p>\n<\/div>\n<div style=\"margin-top:30px;\">\n\t<p><input class=\"wpcf7-form-control wpcf7-submit has-spinner\" type=\"submit\" value=\"S&#039;inscrire\" \/>\n\t<\/p>\n<\/div><div class=\"wpcf7-response-output\" aria-hidden=\"true\"><\/div>\n<\/form>\n<\/div>\n[\/vc_column_text][\/vc_column][\/vc_row]\n","protected":false},"excerpt":{"rendered":"<p>[vc_row type=\u00a0\u00bbin_container\u00a0\u00bb scene_position=\u00a0\u00bbcenter\u00a0\u00bb text_color=\u00a0\u00bbdark\u00a0\u00bb text_align=\u00a0\u00bbleft\u00a0\u00bb overlay_strength=\u00a0\u00bb0.3&Prime;][vc_column column_padding=\u00a0\u00bbno-extra-padding\u00a0\u00bb column_padding_position=\u00a0\u00bball\u00a0\u00bb background_color_opacity=\u00a0\u00bb1&Prime; background_hover_color_opacity=\u00a0\u00bb1&Prime; width=\u00a0\u00bb2\/3&Prime;][image_with_animation image_url=\u00a0\u00bb1065&Prime; alignment=\u00a0\u00bb\u00a0\u00bb animation=\u00a0\u00bbGrow In\u00a0\u00bb][vc_column_text] Titre: Cours pratique: nettoyage \u00e0 haute pression \u00e0 l&rsquo;ext\u00e9rieur\/nettoyage \u00e0 la mousse Dur\u00e9e: 1 jour&#8230;<\/p>\n","protected":false},"author":1,"featured_media":0,"parent":890,"menu_order":0,"comment_status":"closed","ping_status":"closed","template":"","meta":{"footnotes":""},"class_list":["post-907","page","type-page","status-publish"],"_links":{"self":[{"href":"https:\/\/www.wgservices.ch\/fr\/wp-json\/wp\/v2\/pages\/907","targetHints":{"allow":["GET"]}}],"collection":[{"href":"https:\/\/www.wgservices.ch\/fr\/wp-json\/wp\/v2\/pages"}],"about":[{"href":"https:\/\/www.wgservices.ch\/fr\/wp-json\/wp\/v2\/types\/page"}],"author":[{"embeddable":true,"href":"https:\/\/www.wgservices.ch\/fr\/wp-json\/wp\/v2\/users\/1"}],"replies":[{"embeddable":true,"href":"https:\/\/www.wgservices.ch\/fr\/wp-json\/wp\/v2\/comments?post=907"}],"version-history":[{"count":4,"href":"https:\/\/www.wgservices.ch\/fr\/wp-json\/wp\/v2\/pages\/907\/revisions"}],"predecessor-version":[{"id":1075,"href":"https:\/\/www.wgservices.ch\/fr\/wp-json\/wp\/v2\/pages\/907\/revisions\/1075"}],"up":[{"embeddable":true,"href":"https:\/\/www.wgservices.ch\/fr\/wp-json\/wp\/v2\/pages\/890"}],"wp:attachment":[{"href":"https:\/\/www.wgservices.ch\/fr\/wp-json\/wp\/v2\/media?parent=907"}],"curies":[{"name":"wp","href":"https:\/\/api.w.org\/{rel}","templated":true}]}}