{"id":947,"date":"2016-06-24T08:27:17","date_gmt":"2016-06-24T08:27:17","guid":{"rendered":"https:\/\/www.wgservices.ch\/?page_id=947&#038;lang=fr"},"modified":"2016-11-15T14:33:35","modified_gmt":"2016-11-15T14:33:35","slug":"calcul-du-cout-du-poste-de-travail","status":"publish","type":"page","link":"https:\/\/www.wgservices.ch\/fr\/calcul-du-cout-du-poste-de-travail\/","title":{"rendered":"Calcul du co\u00fbt du poste de travail"},"content":{"rendered":"[vc_row type=\u00a0\u00bbin_container\u00a0\u00bb scene_position=\u00a0\u00bbcenter\u00a0\u00bb text_color=\u00a0\u00bbdark\u00a0\u00bb text_align=\u00a0\u00bbleft\u00a0\u00bb overlay_strength=\u00a0\u00bb0.3&Prime;][vc_column column_padding=\u00a0\u00bbno-extra-padding\u00a0\u00bb column_padding_position=\u00a0\u00bball\u00a0\u00bb background_color_opacity=\u00a0\u00bb1&Prime; background_hover_color_opacity=\u00a0\u00bb1&Prime; width=\u00a0\u00bb2\/3&Prime;][image_with_animation image_url=\u00a0\u00bb1346&Prime; alignment=\u00a0\u00bb\u00a0\u00bb animation=\u00a0\u00bbGrow In\u00a0\u00bb][vc_column_text]\n<table>\n<tbody>\n<tr>\n<td style=\"font-weight: bold;\" width=\"15%\">Titre:<\/td>\n<td width=\"85%\">Calcul du co\u00fbt du poste de travail \u2013 les bonnes ressources au bon moment et au bon endroit<\/td>\n<\/tr>\n<tr>\n<td style=\"font-weight: bold;\" width=\"15%\">Lieu:<\/td>\n<td width=\"85%\">Dans votre entreprise<\/td>\n<\/tr>\n<tr>\n<td style=\"font-weight: bold;\" width=\"15%\">Groupe-cible:<\/td>\n<td width=\"85%\">\u00c9tablissements m\u00e9dico-sociaux, h\u00f4pitaux, entreprises industrielles<br \/>\nPour les b\u00e2timents neufs ou les r\u00e9novations ou comme \u00e9tat des lieux<\/td>\n<\/tr>\n<tr>\n<td style=\"font-weight: bold;\" width=\"20%\">Date:<\/td>\n<td width=\"80%\">Individuellement sur concertation<\/td>\n<\/tr>\n<tr>\n<td style=\"font-weight: bold;\" width=\"15%\">Objectif:<\/td>\n<td width=\"85%\">V\u00e9rification de l&rsquo;\u00e9tat r\u00e9el, inventaire, calcul des surfaces et des ressources des postes de travail dans les b\u00e2timents neufs et les biens immobiliers existants<\/td>\n<\/tr>\n<tr>\n<td style=\"font-weight: bold;\" width=\"15%\">Contenus:<\/td>\n<td width=\"85%\">Nous vous offrons le service le plus complet pour d\u00e9terminer le temps que prendront le nettoyage, l&rsquo;entretien et le maintien de la valeur des immeubles. Les avantages pour les administrations et les concierges sont clairs. Premi\u00e8re saisie gratuite de toutes les donn\u00e9es sur place, y compr. \u00e9tablissement de l&rsquo;offre pour l&rsquo;ensemble de prestations.<\/p>\n<ul>\n<li>Saisie neutre des donn\u00e9es par des collaborateurs comp\u00e9tents<\/li>\n<li>Calcul de tous les frais de travail<\/li>\n<li>Conseils en mati\u00e8re d&rsquo;organisation<\/li>\n<li>Elaboration d&rsquo;un cahier de charges<\/li>\n<li>Dossier bien agenc\u00e9 et \u00e9difiant servant d&rsquo;instrument de gestion et de contr\u00f4le pour le mandant<\/li>\n<\/ul>\n<\/td>\n<\/tr>\n<tr>\n<td style=\"font-weight: bold;\" width=\"20%\">C\u00f4uts:<\/td>\n<td width=\"80%\">CHF 390.- par personne<\/td>\n<\/tr>\n<\/tbody>\n<\/table>\n[\/vc_column_text][\/vc_column][vc_column column_padding=\u00a0\u00bbno-extra-padding\u00a0\u00bb column_padding_position=\u00a0\u00bball\u00a0\u00bb background_color_opacity=\u00a0\u00bb1&Prime; background_hover_color_opacity=\u00a0\u00bb1&Prime; width=\u00a0\u00bb1\/3&Prime;][vc_column_text]\n<h2 style=\"color: #fff; background-color: #009992; padding: 10px 0px 10px 20px;\">Demande<\/h2>\n\n<div class=\"wpcf7 no-js\" id=\"wpcf7-f949-o1\" lang=\"de-DE\" dir=\"ltr\" data-wpcf7-id=\"949\">\n<div class=\"screen-reader-response\"><p role=\"status\" aria-live=\"polite\" aria-atomic=\"true\"><\/p> <ul><\/ul><\/div>\n<form action=\"\/fr\/wp-json\/wp\/v2\/pages\/947#wpcf7-f949-o1\" method=\"post\" class=\"wpcf7-form init\" aria-label=\"Kontaktformular\" novalidate=\"novalidate\" data-status=\"init\">\n<fieldset class=\"hidden-fields-container\"><input type=\"hidden\" name=\"_wpcf7\" value=\"949\" \/><input type=\"hidden\" name=\"_wpcf7_version\" value=\"6.1.1\" \/><input type=\"hidden\" name=\"_wpcf7_locale\" value=\"de_DE\" \/><input type=\"hidden\" name=\"_wpcf7_unit_tag\" value=\"wpcf7-f949-o1\" \/><input type=\"hidden\" name=\"_wpcf7_container_post\" value=\"0\" \/><input type=\"hidden\" name=\"_wpcf7_posted_data_hash\" value=\"\" \/>\n<\/fieldset>\n<div style=\"margin-top:20px;\">\n\t<p><span style=\"font-size: 12px;\">Wunschdatum\/-dauer:<\/span><span class=\"wpcf7-form-control-wrap\" data-name=\"datum\"><input class=\"wpcf7-form-control wpcf7-date wpcf7-validates-as-required wpcf7-validates-as-date\" min=\"2017-01-01\" max=\"2017-12-31\" aria-required=\"true\" aria-invalid=\"false\" placeholder=\"Datum\" value=\"\" type=\"date\" name=\"datum\" \/><\/span>\n\t<\/p>\n<\/div>\n<div style=\"margin-top:20px;\">\n\t<p><span style=\"font-size: 12px;\">Participants:<\/span><span class=\"wpcf7-form-control-wrap\" data-name=\"anrede\"><select class=\"wpcf7-form-control wpcf7-select wpcf7-validates-as-required\" aria-required=\"true\" aria-invalid=\"false\" name=\"anrede\"><option value=\"Mme\">Mme<\/option><option value=\"M.\">M.<\/option><\/select><\/span>\n\t<\/p>\n<\/div>\n<div style=\"margin-top:10px;\">\n\t<p><span class=\"wpcf7-form-control-wrap\" data-name=\"vorname\"><input size=\"40\" maxlength=\"400\" class=\"wpcf7-form-control wpcf7-text\" aria-invalid=\"false\" placeholder=\"Pr\u00e9nom\" value=\"\" type=\"text\" name=\"vorname\" \/><\/span>\n\t<\/p>\n<\/div>\n<div style=\"margin-top:10px;\">\n\t<p><span class=\"wpcf7-form-control-wrap\" data-name=\"nachname\"><input size=\"40\" maxlength=\"400\" class=\"wpcf7-form-control wpcf7-text wpcf7-validates-as-required\" aria-required=\"true\" aria-invalid=\"false\" placeholder=\"Nom*\" value=\"\" type=\"text\" name=\"nachname\" \/><\/span>\n\t<\/p>\n<\/div>\n<div style=\"margin-top:20px;\">\n\t<p><span style=\"font-size: 12px;\">Adresse de l'entreprise:<\/span><span class=\"wpcf7-form-control-wrap\" data-name=\"firma\"><input size=\"40\" maxlength=\"400\" class=\"wpcf7-form-control wpcf7-text wpcf7-validates-as-required\" aria-required=\"true\" aria-invalid=\"false\" placeholder=\"Entreprise*\" value=\"\" type=\"text\" name=\"firma\" \/><\/span>\n\t<\/p>\n<\/div>\n<div style=\"margin-top:10px;\">\n\t<p><span class=\"wpcf7-form-control-wrap\" data-name=\"strasse\"><input size=\"40\" maxlength=\"400\" class=\"wpcf7-form-control wpcf7-text wpcf7-validates-as-required\" aria-required=\"true\" aria-invalid=\"false\" placeholder=\"Rue No.*\" value=\"\" type=\"text\" name=\"strasse\" \/><\/span>\n\t<\/p>\n<\/div>\n<div style=\"margin-top:10px;\">\n\t<p><span class=\"wpcf7-form-control-wrap\" data-name=\"plz\"><input size=\"40\" maxlength=\"400\" class=\"wpcf7-form-control wpcf7-text wpcf7-validates-as-required\" aria-required=\"true\" aria-invalid=\"false\" placeholder=\"NPA*\" value=\"\" type=\"text\" name=\"plz\" \/><\/span>\n\t<\/p>\n<\/div>\n<div style=\"margin-top:10px;\">\n\t<p><span class=\"wpcf7-form-control-wrap\" data-name=\"ort\"><input size=\"40\" maxlength=\"400\" class=\"wpcf7-form-control wpcf7-text wpcf7-validates-as-required\" aria-required=\"true\" aria-invalid=\"false\" placeholder=\"Lieu*\" value=\"\" type=\"text\" name=\"ort\" \/><\/span>\n\t<\/p>\n<\/div>\n<div style=\"margin-top:20px;\">\n\t<p><span style=\"font-size: 12px;\">D\u00e9tails de contact:<\/span><span class=\"wpcf7-form-control-wrap\" data-name=\"tel\"><input size=\"40\" maxlength=\"400\" class=\"wpcf7-form-control wpcf7-tel wpcf7-validates-as-required wpcf7-text wpcf7-validates-as-tel\" aria-required=\"true\" aria-invalid=\"false\" placeholder=\"T\u00e9l\u00e9phone\" value=\"\" type=\"tel\" name=\"tel\" \/><\/span>\n\t<\/p>\n<\/div>\n<div style=\"margin-top:10px;\">\n\t<p><span class=\"wpcf7-form-control-wrap\" data-name=\"email\"><input size=\"40\" maxlength=\"400\" class=\"wpcf7-form-control wpcf7-email wpcf7-validates-as-required wpcf7-text wpcf7-validates-as-email\" aria-required=\"true\" aria-invalid=\"false\" placeholder=\"E-Mail*\" value=\"\" type=\"email\" name=\"email\" \/><\/span>\n\t<\/p>\n<\/div>\n<div style=\"margin-top:20px;\">\n\t<p><span style=\"font-size: 12px;\">Autres participants:<\/span><span class=\"wpcf7-form-control-wrap\" data-name=\"teilnehmer\"><textarea cols=\"40\" rows=\"3\" maxlength=\"2000\" class=\"wpcf7-form-control wpcf7-textarea\" aria-invalid=\"false\" placeholder=\"1 participant par ligne (Nom, E-Mail)\" name=\"teilnehmer\"><\/textarea><\/span>\n\t<\/p>\n<\/div>\n<div style=\"margin-top:10px;\">\n\t<p><span style=\"font-size: 12px;\">Adresse de facturation alternative (optional):<\/span><span class=\"wpcf7-form-control-wrap\" data-name=\"firma-rechnung\"><input size=\"40\" maxlength=\"400\" class=\"wpcf7-form-control wpcf7-text\" aria-invalid=\"false\" placeholder=\"Entreprise\" value=\"\" type=\"text\" name=\"firma-rechnung\" \/><\/span>\n\t<\/p>\n<\/div>\n<div style=\"margin-top:10px;\">\n\t<p><span class=\"wpcf7-form-control-wrap\" data-name=\"name-rechnung\"><input size=\"40\" maxlength=\"400\" class=\"wpcf7-form-control wpcf7-text\" aria-invalid=\"false\" placeholder=\"Nom\" value=\"\" type=\"text\" name=\"name-rechnung\" \/><\/span>\n\t<\/p>\n<\/div>\n<div style=\"margin-top:10px;\">\n\t<p><span class=\"wpcf7-form-control-wrap\" data-name=\"strasse-rechnung\"><input size=\"40\" maxlength=\"400\" class=\"wpcf7-form-control wpcf7-text\" aria-invalid=\"false\" placeholder=\"Rue No.*\" value=\"\" type=\"text\" name=\"strasse-rechnung\" \/><\/span>\n\t<\/p>\n<\/div>\n<div style=\"margin-top:10px;\">\n\t<p><span class=\"wpcf7-form-control-wrap\" data-name=\"plz-rechnung\"><input size=\"40\" maxlength=\"400\" class=\"wpcf7-form-control wpcf7-text\" aria-invalid=\"false\" placeholder=\"NPA*\" value=\"\" type=\"text\" name=\"plz-rechnung\" \/><\/span>\n\t<\/p>\n<\/div>\n<div style=\"margin-top:10px;\">\n\t<p><span class=\"wpcf7-form-control-wrap\" data-name=\"ort-rechnung\"><input size=\"40\" maxlength=\"400\" class=\"wpcf7-form-control wpcf7-text\" aria-invalid=\"false\" placeholder=\"Lieu*\" value=\"\" type=\"text\" name=\"ort-rechnung\" \/><\/span>\n\t<\/p>\n<\/div>\n<div style=\"margin-top:30px;\">\n\t<p><input class=\"wpcf7-form-control wpcf7-submit has-spinner\" type=\"submit\" value=\"S&#039;inscrire\" \/>\n\t<\/p>\n<\/div><div class=\"wpcf7-response-output\" aria-hidden=\"true\"><\/div>\n<\/form>\n<\/div>\n[\/vc_column_text][\/vc_column][\/vc_row]\n","protected":false},"excerpt":{"rendered":"<p>[vc_row type=\u00a0\u00bbin_container\u00a0\u00bb scene_position=\u00a0\u00bbcenter\u00a0\u00bb text_color=\u00a0\u00bbdark\u00a0\u00bb text_align=\u00a0\u00bbleft\u00a0\u00bb overlay_strength=\u00a0\u00bb0.3&Prime;][vc_column column_padding=\u00a0\u00bbno-extra-padding\u00a0\u00bb column_padding_position=\u00a0\u00bball\u00a0\u00bb background_color_opacity=\u00a0\u00bb1&Prime; background_hover_color_opacity=\u00a0\u00bb1&Prime; width=\u00a0\u00bb2\/3&Prime;][image_with_animation image_url=\u00a0\u00bb1346&Prime; alignment=\u00a0\u00bb\u00a0\u00bb animation=\u00a0\u00bbGrow In\u00a0\u00bb][vc_column_text] Titre: Calcul du co\u00fbt du poste de travail \u2013 les bonnes ressources au bon moment&#8230;<\/p>\n","protected":false},"author":1,"featured_media":0,"parent":0,"menu_order":0,"comment_status":"closed","ping_status":"closed","template":"","meta":{"footnotes":""},"class_list":["post-947","page","type-page","status-publish"],"_links":{"self":[{"href":"https:\/\/www.wgservices.ch\/fr\/wp-json\/wp\/v2\/pages\/947","targetHints":{"allow":["GET"]}}],"collection":[{"href":"https:\/\/www.wgservices.ch\/fr\/wp-json\/wp\/v2\/pages"}],"about":[{"href":"https:\/\/www.wgservices.ch\/fr\/wp-json\/wp\/v2\/types\/page"}],"author":[{"embeddable":true,"href":"https:\/\/www.wgservices.ch\/fr\/wp-json\/wp\/v2\/users\/1"}],"replies":[{"embeddable":true,"href":"https:\/\/www.wgservices.ch\/fr\/wp-json\/wp\/v2\/comments?post=947"}],"version-history":[{"count":5,"href":"https:\/\/www.wgservices.ch\/fr\/wp-json\/wp\/v2\/pages\/947\/revisions"}],"predecessor-version":[{"id":1348,"href":"https:\/\/www.wgservices.ch\/fr\/wp-json\/wp\/v2\/pages\/947\/revisions\/1348"}],"wp:attachment":[{"href":"https:\/\/www.wgservices.ch\/fr\/wp-json\/wp\/v2\/media?parent=947"}],"curies":[{"name":"wp","href":"https:\/\/api.w.org\/{rel}","templated":true}]}}