{"id":963,"date":"2016-06-24T09:39:26","date_gmt":"2016-06-24T09:39:26","guid":{"rendered":"https:\/\/www.wgservices.ch\/?page_id=963&#038;lang=fr"},"modified":"2020-07-09T08:25:01","modified_gmt":"2020-07-09T08:25:01","slug":"machines-de-demonstration-doccasion","status":"publish","type":"page","link":"https:\/\/www.wgservices.ch\/fr\/machines-de-demonstration-doccasion\/","title":{"rendered":"Machines de d\u00e9monstration d&rsquo;occasion"},"content":{"rendered":"[vc_row type=\u00a0\u00bbfull_width_content\u00a0\u00bb scene_position=\u00a0\u00bbcenter\u00a0\u00bb text_color=\u00a0\u00bbdark\u00a0\u00bb text_align=\u00a0\u00bbleft\u00a0\u00bb overlay_strength=\u00a0\u00bb0.3&Prime;][vc_column column_padding=\u00a0\u00bbno-extra-padding\u00a0\u00bb column_padding_position=\u00a0\u00bball\u00a0\u00bb background_color_opacity=\u00a0\u00bb1&Prime; background_hover_color_opacity=\u00a0\u00bb1&Prime; width=\u00a0\u00bb1\/1&Prime;]<div  data-transition=\"slide\" data-overall_style=\"classic\" data-flexible-height=\"\" data-animate-in-effect=\"none\" data-fullscreen=\"false\" data-button-sizing=\"regular\" data-button-styling=\"btn_with_count\" data-autorotate=\"\" data-parallax=\"false\" data-parallax-disable-mobile=\"\" data-caption-trans=\"fade_in_from_bottom\" data-parallax-style=\"bg_only\" data-bg-animation=\"none\" data-full-width=\"false\" class=\"nectar-slider-wrap \" id=\"nectar-slider-instance-1\"><div class=\"swiper-container\"  data-tho=\"auto\" data-tco=\"auto\" data-pho=\"auto\" data-pco=\"auto\" data-loop=\"false\" data-height=\"400\" data-min-height=\"\" data-arrows=\"false\" data-bullets=\"false\" data-bullet_style=\"see_through\" data-bullet_position=\"bottom\" data-desktop-swipe=\"false\" data-settings=\"\"> <div class=\"swiper-wrapper\"><div class=\"swiper-slide\" data-desktop-content-width=\"\" data-tablet-content-width=\"\" data-bg-alignment=\"bottom\" data-color-scheme=\"light\" data-x-pos=\"left\" data-y-pos=\"middle\" ><div class=\"slide-bg-wrap\"><div class=\"image-bg\" style=\"background-image: url(https:\/\/www.wgservices.ch\/wp-content\/uploads\/2015\/11\/reinigungsprodukte-bg-unterseite.jpg);\"> &nbsp; <\/div><\/div><div class=\"container\">\n\t\t\t\t\t\t<div class=\"content\"><h2 class=\"ns-heading-el\">Machines de d\u00e9monstration d'occasion<\/h2><p class=\"transparent-bg\" ><span>Machines de nettoyage d'occasion<\/span><\/p><\/div>\n\t\t\t\t\t\t\t\t<\/div><!--\/container--><div class=\"video-texture active_texture\"> <span class=\"ie-fix\"><\/span> <\/div><\/div> <!--\/swiper-slide--><\/div><div class=\"nectar-slider-loading \"> <span class=\"loading-icon spin\">   <\/span> <\/div> <\/div> \n\t\t\t\t\t\n\t\t\t\t\t<\/div>[\/vc_column][\/vc_row][vc_row type=\u00a0\u00bbfull_width_background\u00a0\u00bb scene_position=\u00a0\u00bbcenter\u00a0\u00bb text_color=\u00a0\u00bbdark\u00a0\u00bb text_align=\u00a0\u00bbleft\u00a0\u00bb overlay_strength=\u00a0\u00bb0.3&Prime;][vc_column column_padding=\u00a0\u00bbno-extra-padding\u00a0\u00bb column_padding_position=\u00a0\u00bball\u00a0\u00bb background_color_opacity=\u00a0\u00bb1&Prime; background_hover_color_opacity=\u00a0\u00bb1&Prime; width=\u00a0\u00bb1\/1&Prime;][divider line_type=\u00a0\u00bbNo Line\u00a0\u00bb custom_height=\u00a0\u00bb60&Prime;][vc_row_inner][vc_column_inner column_padding=\u00a0\u00bbno-extra-padding\u00a0\u00bb column_padding_position=\u00a0\u00bball\u00a0\u00bb background_color_opacity=\u00a0\u00bb1&Prime; width=\u00a0\u00bb1\/2&Prime;][image_with_animation image_url=\u00a0\u00bb1262&Prime; alignment=\u00a0\u00bbcenter\u00a0\u00bb animation=\u00a0\u00bbFade In\u00a0\u00bb][\/vc_column_inner][vc_column_inner column_padding=\u00a0\u00bbno-extra-padding\u00a0\u00bb column_padding_position=\u00a0\u00bball\u00a0\u00bb background_color_opacity=\u00a0\u00bb1&Prime; width=\u00a0\u00bb1\/2&Prime;][vc_column_text]\n<h2 style=\"margin-bottom: 10px;\">LW 30 Pro<\/h2>\n[\/vc_column_text][vc_column_text]\n<table style=\"margin-top: 40px;\">\n<tbody>\n<tr>\n<td>R\u00e9servoir d&rsquo;eau<\/td>\n<td>3.5 Litre<\/td>\n<\/tr>\n<tr>\n<td>Largeur de travail<\/td>\n<td>33 cm<\/td>\n<\/tr>\n<tr>\n<td>Cable<\/td>\n<td>y compr.<\/td>\n<\/tr>\n<tr>\n<td>Rouleau-brosse 1x<\/td>\n<td>y compr.<\/td>\n<\/tr>\n<\/tbody>\n<\/table>\n<p>Prix r\u00e9duit net TVA excl.: <strong>CHF 820.-<\/strong> au lieu de CHF 1&rsquo;420.-* * par rapport aux prix catalogue bruts et\u00a0jusqu&rsquo;\u00e0 \u00e9puisement des stocks[\/vc_column_text][divider line_type=\u00a0\u00bbNo Line\u00a0\u00bb custom_height=\u00a0\u00bb40&Prime;][vc_column_text]<a class=\"nectar-button n-sc-button medium accent-color regular-button\" target=\"_blank\" href=\"mailto:info@wgservices.ch?Subject=Interesse%20an%20Vorfuehrmaschine%20LW30%20Pro\" data-color-override=\"false\" data-hover-color-override=\"false\" data-hover-text-color-override=\"#fff\"><span>\u00e9crivez-nous<\/span><\/a>[\/vc_column_text][\/vc_column_inner][\/vc_row_inner][divider line_type=\u00a0\u00bbNo Line\u00a0\u00bb custom_height=\u00a0\u00bb60&Prime;][\/vc_column][\/vc_row]\n[vc_row type=\u00a0\u00bbfull_width_background\u00a0\u00bb bg_color=\u00a0\u00bb#ffffff\u00a0\u00bb scene_position=\u00a0\u00bbcenter\u00a0\u00bb text_color=\u00a0\u00bbdark\u00a0\u00bb text_align=\u00a0\u00bbleft\u00a0\u00bb overlay_strength=\u00a0\u00bb0.3&Prime;][vc_column column_padding=\u00a0\u00bbno-extra-padding\u00a0\u00bb column_padding_position=\u00a0\u00bball\u00a0\u00bb background_color_opacity=\u00a0\u00bb1&Prime; background_hover_color_opacity=\u00a0\u00bb1&Prime; width=\u00a0\u00bb1\/1&Prime;][divider line_type=\u00a0\u00bbNo Line\u00a0\u00bb custom_height=\u00a0\u00bb60&Prime;][vc_row_inner][vc_column_inner column_padding=\u00a0\u00bbno-extra-padding\u00a0\u00bb column_padding_position=\u00a0\u00bball\u00a0\u00bb background_color_opacity=\u00a0\u00bb1&Prime; width=\u00a0\u00bb1\/2&Prime;][image_with_animation image_url=\u00a0\u00bb786&Prime; alignment=\u00a0\u00bbcenter\u00a0\u00bb animation=\u00a0\u00bbFade In\u00a0\u00bb][\/vc_column_inner][vc_column_inner column_padding=\u00a0\u00bbno-extra-padding\u00a0\u00bb column_padding_position=\u00a0\u00bball\u00a0\u00bb background_color_opacity=\u00a0\u00bb1&Prime; width=\u00a0\u00bb1\/2&Prime;][vc_column_text]\n<h2 style=\"margin-bottom: 10px;\">Fimap MX55 BT<\/h2>\n[\/vc_column_text][vc_column_text]\n<table style=\"margin-top: 40px;\">\n<tbody>\n<tr>\n<td>FI103952<\/td>\n<td>\u00a0<\/td>\n<\/tr>\n<tr>\n<td>R\u00e9servoir d&rsquo;eau<\/td>\n<td>60 Litre<\/td>\n<\/tr>\n<tr>\n<td>Largeur de travail<\/td>\n<td>55 cm<\/td>\n<\/tr>\n<tr>\n<td>Accu<\/td>\n<td>y compr.<\/td>\n<\/tr>\n<tr>\n<td>Brosse 1x<\/td>\n<td>y compr.<\/td>\n<\/tr>\n<\/tbody>\n<\/table>\n<p>Prix r\u00e9duit net TVA excl.: <strong>CHF 7&rsquo;300.-<\/strong> au lieu de CHF 17&rsquo;600.-* * par rapport aux prix catalogue bruts et jusqu&rsquo;\u00e0 \u00e9puisement des stocks[\/vc_column_text][divider line_type=\u00a0\u00bbNo Line\u00a0\u00bb custom_height=\u00a0\u00bb40&Prime;][vc_column_text]<a class=\"nectar-button n-sc-button medium accent-color regular-button\" target=\"_blank\" href=\"mailto:info@wgservices.ch?Subject=Interesse%20an%20Vorfuehrmaschine%20Fimap%20MX55%20BT\" data-color-override=\"false\" data-hover-color-override=\"false\" data-hover-text-color-override=\"#fff\"><span>\u00e9crivez-nous<\/span><\/a>[\/vc_column_text][\/vc_column_inner][\/vc_row_inner][divider line_type=\u00a0\u00bbNo Line\u00a0\u00bb custom_height=\u00a0\u00bb60&Prime;][\/vc_column][\/vc_row][vc_row type=\u00a0\u00bbfull_width_background\u00a0\u00bb scene_position=\u00a0\u00bbcenter\u00a0\u00bb text_color=\u00a0\u00bbdark\u00a0\u00bb text_align=\u00a0\u00bbleft\u00a0\u00bb overlay_strength=\u00a0\u00bb0.3&Prime;][vc_column column_padding=\u00a0\u00bbno-extra-padding\u00a0\u00bb column_padding_position=\u00a0\u00bball\u00a0\u00bb background_color_opacity=\u00a0\u00bb1&Prime; background_hover_color_opacity=\u00a0\u00bb1&Prime; width=\u00a0\u00bb1\/1&Prime;][divider line_type=\u00a0\u00bbNo Line\u00a0\u00bb custom_height=\u00a0\u00bb60&Prime;][vc_row_inner][vc_column_inner column_padding=\u00a0\u00bbno-extra-padding\u00a0\u00bb column_padding_position=\u00a0\u00bball\u00a0\u00bb background_color_opacity=\u00a0\u00bb1&Prime; width=\u00a0\u00bb1\/2&Prime;][image_with_animation image_url=\u00a0\u00bb790&Prime; alignment=\u00a0\u00bbcenter\u00a0\u00bb animation=\u00a0\u00bbFade In\u00a0\u00bb][\/vc_column_inner][vc_column_inner column_padding=\u00a0\u00bbno-extra-padding\u00a0\u00bb column_padding_position=\u00a0\u00bball\u00a0\u00bb background_color_opacity=\u00a0\u00bb1&Prime; width=\u00a0\u00bb1\/2&Prime;][vc_column_text]\n<h2 style=\"margin-bottom: 10px;\">Fimap MX65BT<\/h2>\n[\/vc_column_text][vc_column_text]\n<table style=\"margin-top: 40px;\">\n<tbody>\n<tr>\n<td>FI103942<\/td>\n<td>\u00a0<\/td>\n<\/tr>\n<tr>\n<td>R\u00e9servoir d&rsquo;eau<\/td>\n<td>60 Litre<\/td>\n<\/tr>\n<tr>\n<td>Largeur de travail<\/td>\n<td>65 cm<\/td>\n<\/tr>\n<tr>\n<td>Accu<\/td>\n<td>y compr.<\/td>\n<\/tr>\n<tr>\n<td>Brosse 2x<\/td>\n<td>y compr.<\/td>\n<\/tr>\n<\/tbody>\n<\/table>\n<p>Prix r\u00e9duit net TVA excl.: <strong>CHF 7&rsquo;550.-<\/strong> au lieu de CHF 18&rsquo;560.-* * par rapport aux prix catalogue bruts et jusqu&rsquo;\u00e0 \u00e9puisement des stocks[\/vc_column_text][divider line_type=\u00a0\u00bbNo Line\u00a0\u00bb custom_height=\u00a0\u00bb40&Prime;][vc_column_text]<a class=\"nectar-button n-sc-button medium accent-color regular-button\" target=\"_blank\" href=\"mailto:info@wgservices.ch?Subject=Interesse%20an%20Vorfuehrmaschine%20Fimap%20MX65%20BT\" data-color-override=\"false\" data-hover-color-override=\"false\" data-hover-text-color-override=\"#fff\"><span>\u00e9crivez-nous<\/span><\/a>[\/vc_column_text][\/vc_column_inner][\/vc_row_inner][divider line_type=\u00a0\u00bbNo Line\u00a0\u00bb custom_height=\u00a0\u00bb60&Prime;][\/vc_column][\/vc_row]\n[vc_row type=\u00a0\u00bbfull_width_background\u00a0\u00bb scene_position=\u00a0\u00bbcenter\u00a0\u00bb text_color=\u00a0\u00bbdark\u00a0\u00bb text_align=\u00a0\u00bbleft\u00a0\u00bb overlay_strength=\u00a0\u00bb0.3&Prime;][vc_column column_padding=\u00a0\u00bbno-extra-padding\u00a0\u00bb column_padding_position=\u00a0\u00bball\u00a0\u00bb background_color_opacity=\u00a0\u00bb1&Prime; background_hover_color_opacity=\u00a0\u00bb1&Prime; width=\u00a0\u00bb1\/1&Prime;][divider line_type=\u00a0\u00bbNo Line\u00a0\u00bb custom_height=\u00a0\u00bb60&Prime;][vc_row_inner][vc_column_inner column_padding=\u00a0\u00bbno-extra-padding\u00a0\u00bb column_padding_position=\u00a0\u00bball\u00a0\u00bb background_color_opacity=\u00a0\u00bb1&Prime; width=\u00a0\u00bb1\/2&Prime;][image_with_animation image_url=\u00a0\u00bb791&Prime; alignment=\u00a0\u00bbcenter\u00a0\u00bb animation=\u00a0\u00bbFade In\u00a0\u00bb][\/vc_column_inner][vc_column_inner column_padding=\u00a0\u00bbno-extra-padding\u00a0\u00bb column_padding_position=\u00a0\u00bball\u00a0\u00bb background_color_opacity=\u00a0\u00bb1&Prime; width=\u00a0\u00bb1\/2&Prime;][vc_column_text]\n<h2 style=\"margin-bottom: 10px;\">Fimap MG85 BS<\/h2>\n[\/vc_column_text][vc_column_text]\n<table style=\"margin-top: 40px;\">\n<tbody>\n<tr>\n<td>FI104519<\/td>\n<td>\u00a0<\/td>\n<\/tr>\n<tr>\n<td>R\u00e9servoir d&rsquo;eau<\/td>\n<td>170 Litre<\/td>\n<\/tr>\n<tr>\n<td>Largeur de travail<\/td>\n<td>85 cm<\/td>\n<\/tr>\n<tr>\n<td>Accu<\/td>\n<td>y compr.<\/td>\n<\/tr>\n<tr>\n<td>Balai-Brosse 2x<\/td>\n<td>y compr.<\/td>\n<\/tr>\n<\/tbody>\n<\/table>\n<p>Prix r\u00e9duit net TVA excl.: <strong>CHF 23&rsquo;400.-<\/strong> au lieu de CHF 35&rsquo;600.-* * par rapport aux prix catalogue bruts et jusqu&rsquo;\u00e0 \u00e9puisement des stocks[\/vc_column_text][divider line_type=\u00a0\u00bbNo Line\u00a0\u00bb custom_height=\u00a0\u00bb40&Prime;][vc_column_text]<a class=\"nectar-button n-sc-button medium accent-color regular-button\" target=\"_blank\" href=\"mailto:info@wgservices.ch?Subject=Interesse%20an%20Vorfuehrmaschine%20Fimap%20MG85%20BS\" data-color-override=\"false\" data-hover-color-override=\"false\" data-hover-text-color-override=\"#fff\"><span>\u00e9crivez-nous<\/span><\/a>[\/vc_column_text][\/vc_column_inner][\/vc_row_inner][divider line_type=\u00a0\u00bbNo Line\u00a0\u00bb custom_height=\u00a0\u00bb60&Prime;][\/vc_column][\/vc_row][vc_row type=\u00a0\u00bbfull_width_background\u00a0\u00bb scene_position=\u00a0\u00bbcenter\u00a0\u00bb text_color=\u00a0\u00bbdark\u00a0\u00bb text_align=\u00a0\u00bbleft\u00a0\u00bb overlay_strength=\u00a0\u00bb0.3&Prime;][vc_column column_padding=\u00a0\u00bbno-extra-padding\u00a0\u00bb column_padding_position=\u00a0\u00bball\u00a0\u00bb background_color_opacity=\u00a0\u00bb1&Prime; background_hover_color_opacity=\u00a0\u00bb1&Prime; width=\u00a0\u00bb1\/1&Prime;][divider line_type=\u00a0\u00bbNo Line\u00a0\u00bb custom_height=\u00a0\u00bb60&Prime;][vc_row_inner][vc_column_inner column_padding=\u00a0\u00bbno-extra-padding\u00a0\u00bb column_padding_position=\u00a0\u00bball\u00a0\u00bb background_color_opacity=\u00a0\u00bb1&Prime; width=\u00a0\u00bb1\/2&Prime;][image_with_animation image_url=\u00a0\u00bb1261&Prime; alignment=\u00a0\u00bbcenter\u00a0\u00bb animation=\u00a0\u00bbFade In\u00a0\u00bb][\/vc_column_inner][vc_column_inner column_padding=\u00a0\u00bbno-extra-padding\u00a0\u00bb column_padding_position=\u00a0\u00bball\u00a0\u00bb background_color_opacity=\u00a0\u00bb1&Prime; width=\u00a0\u00bb1\/2&Prime;][vc_column_text]\n<h2 style=\"margin-bottom: 10px;\">Unger DI 4000<\/h2>\n[\/vc_column_text][vc_column_text]\n<table style=\"margin-top: 40px;\">\n<tbody>\n<tr>\n<td>308561<\/td>\n<td>\u00a0<\/td>\n<\/tr>\n<tr>\n<td>R\u00e9servoir d&rsquo;eau<\/td>\n<td>4000 Litre<\/td>\n<\/tr>\n<tr>\n<td>Taille de la bouteille<\/td>\n<td>25 Litre<\/td>\n<\/tr>\n<tr>\n<td>Pr\u00e9filtre<\/td>\n<td>y compr.<\/td>\n<\/tr>\n<tr>\n<td>Chariot de transport<\/td>\n<td>y compr.<\/td>\n<\/tr>\n<tr>\n<td>Perches exclus<\/td>\n<td>\u00a0<\/td>\n<\/tr>\n<\/tbody>\n<\/table>\n<p>Prix r\u00e9duit net TVA excl.: <strong>CHF 1&rsquo;560.-<\/strong> au lieu de CHF 2&rsquo;658.-* * par rapport aux prix catalogue bruts et jusqu&rsquo;\u00e0 \u00e9puisement des stocks[\/vc_column_text][divider line_type=\u00a0\u00bbNo Line\u00a0\u00bb custom_height=\u00a0\u00bb40&Prime;][vc_column_text]<a class=\"nectar-button n-sc-button medium accent-color regular-button\" target=\"_blank\" href=\"mailto:info@wgservices.ch?Subject=Interesse%20an%20Vorfuehrmaschine%20Unger%20DI%204000\" data-color-override=\"false\" data-hover-color-override=\"false\" data-hover-text-color-override=\"#fff\"><span>\u00e9crivez-nous<\/span><\/a>[\/vc_column_text][\/vc_column_inner][\/vc_row_inner][divider line_type=\u00a0\u00bbNo Line\u00a0\u00bb custom_height=\u00a0\u00bb60&Prime;][\/vc_column][\/vc_row][vc_row type=\u00a0\u00bbfull_width_background\u00a0\u00bb bg_color=\u00a0\u00bb#ffffff\u00a0\u00bb scene_position=\u00a0\u00bbcenter\u00a0\u00bb text_color=\u00a0\u00bbdark\u00a0\u00bb text_align=\u00a0\u00bbleft\u00a0\u00bb overlay_strength=\u00a0\u00bb0.3&Prime;][vc_column column_padding=\u00a0\u00bbno-extra-padding\u00a0\u00bb column_padding_position=\u00a0\u00bball\u00a0\u00bb background_color_opacity=\u00a0\u00bb1&Prime; background_hover_color_opacity=\u00a0\u00bb1&Prime; width=\u00a0\u00bb1\/1&Prime;][divider line_type=\u00a0\u00bbNo Line\u00a0\u00bb custom_height=\u00a0\u00bb60&Prime;][vc_row_inner][vc_column_inner column_padding=\u00a0\u00bbno-extra-padding\u00a0\u00bb column_padding_position=\u00a0\u00bball\u00a0\u00bb background_color_opacity=\u00a0\u00bb1&Prime; width=\u00a0\u00bb1\/2&Prime;][image_with_animation image_url=\u00a0\u00bb1244&Prime; alignment=\u00a0\u00bbcenter\u00a0\u00bb animation=\u00a0\u00bbFade In\u00a0\u00bb][\/vc_column_inner][vc_column_inner column_padding=\u00a0\u00bbno-extra-padding\u00a0\u00bb column_padding_position=\u00a0\u00bball\u00a0\u00bb background_color_opacity=\u00a0\u00bb1&Prime; width=\u00a0\u00bb1\/2&Prime;][vc_column_text]\n<h2 style=\"margin-bottom: 10px;\">Aspirateur mixte eau-poussi\u00e8res ASL 7 Inox<\/h2>\n[\/vc_column_text][vc_column_text]\n<table style=\"margin-top: 40px;\">\n<tbody>\n<tr>\n<td>G16151220512<\/td>\n<td>\u00a0<\/td>\n<\/tr>\n<tr>\n<td>Contenance<\/td>\n<td>6 Litre<\/td>\n<\/tr>\n<tr>\n<td>Cable<\/td>\n<td>10 m y compr.<\/td>\n<\/tr>\n<\/tbody>\n<\/table>\n<p>Accessoires incl.: G2511500 Tubes m\u00e9taliques 50 cm, 2 pces G2511502 Tube t\u00e9lescopique, \u00f8 36 mm G2511520 Suceur fendu, \u00f8 36 mm G2511530 Suceur \u00e0 coussins, \u00f8 36 mm G2511540 Suceur universel, \u00f8 36 mm G2511000 Tuyau flexible 2.5 m, \u00f8 36 mm G2511517 Suceur \u00ab\u00a0vacumatic-Wessel\u00a0\u00bb G6010046 Suceur \u00e0 eau V 340 \u00a0 Prix r\u00e9duit net TVA excl.: <strong>CHF 350.-<\/strong> au lieu de CHF 649.-* * par rapport aux prix catalogue bruts et jusqu&rsquo;\u00e0 \u00e9puisement des stocks[\/vc_column_text][divider line_type=\u00a0\u00bbNo Line\u00a0\u00bb custom_height=\u00a0\u00bb40&Prime;][vc_column_text]<a class=\"nectar-button n-sc-button medium accent-color regular-button\" target=\"_blank\" href=\"mailto:info@wgservices.ch?Subject=Interesse%20an%20Vorfuehrmaschine%20ASL%207%20Inox\" data-color-override=\"false\" data-hover-color-override=\"false\" data-hover-text-color-override=\"#fff\"><span>\u00e9crivez-nous<\/span><\/a>[\/vc_column_text][\/vc_column_inner][\/vc_row_inner][divider line_type=\u00a0\u00bbNo Line\u00a0\u00bb custom_height=\u00a0\u00bb60&Prime;][\/vc_column][\/vc_row][vc_row type=\u00a0\u00bbfull_width_background\u00a0\u00bb scene_position=\u00a0\u00bbcenter\u00a0\u00bb text_color=\u00a0\u00bbdark\u00a0\u00bb text_align=\u00a0\u00bbleft\u00a0\u00bb overlay_strength=\u00a0\u00bb0.3&Prime;][vc_column column_padding=\u00a0\u00bbno-extra-padding\u00a0\u00bb column_padding_position=\u00a0\u00bball\u00a0\u00bb background_color_opacity=\u00a0\u00bb1&Prime; background_hover_color_opacity=\u00a0\u00bb1&Prime; width=\u00a0\u00bb1\/1&Prime;][divider line_type=\u00a0\u00bbNo Line\u00a0\u00bb custom_height=\u00a0\u00bb60&Prime;][vc_row_inner][vc_column_inner column_padding=\u00a0\u00bbno-extra-padding\u00a0\u00bb column_padding_position=\u00a0\u00bball\u00a0\u00bb background_color_opacity=\u00a0\u00bb1&Prime; width=\u00a0\u00bb1\/2&Prime;][image_with_animation image_url=\u00a0\u00bb1263&Prime; alignment=\u00a0\u00bbcenter\u00a0\u00bb animation=\u00a0\u00bbFade In\u00a0\u00bb][\/vc_column_inner][vc_column_inner column_padding=\u00a0\u00bbno-extra-padding\u00a0\u00bb column_padding_position=\u00a0\u00bball\u00a0\u00bb background_color_opacity=\u00a0\u00bb1&Prime; width=\u00a0\u00bb1\/2&Prime;][vc_column_text]\n<h2 style=\"margin-bottom: 10px;\">Machine pour la nettoyage des tapis M9<\/h2>\n[\/vc_column_text][vc_column_text]\n<table style=\"margin-top: 40px;\">\n<tbody>\n<tr>\n<td>G14704010005<\/td>\n<td>\u00a0<\/td>\n<\/tr>\n<tr>\n<td>Contenance<\/td>\n<td>35 Litre<\/td>\n<\/tr>\n<\/tbody>\n<\/table>\n<p>Accessoires incl.: G6010624 Tuyau flexible 1,7 m G2511485 Tubes m\u00e9taliques, 2 pces G6010692 Adaptateur Sol G6010695 Kit mains-libres Machine y compr. Handadapter Prix r\u00e9duit net TVA excl.: <strong>CHF 559.-<\/strong> au lieu de CHF 996.-* * par rapport aux prix catalogue bruts et jusqu&rsquo;\u00e0 \u00e9puisement des stocks[\/vc_column_text][divider line_type=\u00a0\u00bbNo Line\u00a0\u00bb custom_height=\u00a0\u00bb40&Prime;][vc_column_text]<a class=\"nectar-button n-sc-button medium accent-color regular-button\" target=\"_blank\" href=\"mailto:info@wgservices.ch?Subject=Interesse%20an%20Vorfuehrmaschine%20Sauger%20M9\" data-color-override=\"false\" data-hover-color-override=\"false\" data-hover-text-color-override=\"#fff\"><span>\u00e9crivez-nous<\/span><\/a>[\/vc_column_text][\/vc_column_inner][\/vc_row_inner][divider line_type=\u00a0\u00bbNo Line\u00a0\u00bb custom_height=\u00a0\u00bb60&Prime;][\/vc_column][\/vc_row]\n","protected":false},"excerpt":{"rendered":"<p>[vc_row type=\u00a0\u00bbfull_width_content\u00a0\u00bb scene_position=\u00a0\u00bbcenter\u00a0\u00bb text_color=\u00a0\u00bbdark\u00a0\u00bb text_align=\u00a0\u00bbleft\u00a0\u00bb overlay_strength=\u00a0\u00bb0.3&Prime;][vc_column column_padding=\u00a0\u00bbno-extra-padding\u00a0\u00bb column_padding_position=\u00a0\u00bball\u00a0\u00bb background_color_opacity=\u00a0\u00bb1&Prime; background_hover_color_opacity=\u00a0\u00bb1&Prime; width=\u00a0\u00bb1\/1&Prime;][\/vc_column][\/vc_row][vc_row type=\u00a0\u00bbfull_width_background\u00a0\u00bb scene_position=\u00a0\u00bbcenter\u00a0\u00bb text_color=\u00a0\u00bbdark\u00a0\u00bb text_align=\u00a0\u00bbleft\u00a0\u00bb overlay_strength=\u00a0\u00bb0.3&Prime;][vc_column column_padding=\u00a0\u00bbno-extra-padding\u00a0\u00bb column_padding_position=\u00a0\u00bball\u00a0\u00bb background_color_opacity=\u00a0\u00bb1&Prime; background_hover_color_opacity=\u00a0\u00bb1&Prime; width=\u00a0\u00bb1\/1&Prime;][divider line_type=\u00a0\u00bbNo Line\u00a0\u00bb custom_height=\u00a0\u00bb60&Prime;][vc_row_inner][vc_column_inner column_padding=\u00a0\u00bbno-extra-padding\u00a0\u00bb column_padding_position=\u00a0\u00bball\u00a0\u00bb background_color_opacity=\u00a0\u00bb1&Prime; width=\u00a0\u00bb1\/2&Prime;][image_with_animation image_url=\u00a0\u00bb1262&Prime; alignment=\u00a0\u00bbcenter\u00a0\u00bb&#8230;<\/p>\n","protected":false},"author":1,"featured_media":0,"parent":0,"menu_order":0,"comment_status":"closed","ping_status":"closed","template":"","meta":{"footnotes":""},"class_list":["post-963","page","type-page","status-publish"],"_links":{"self":[{"href":"https:\/\/www.wgservices.ch\/fr\/wp-json\/wp\/v2\/pages\/963","targetHints":{"allow":["GET"]}}],"collection":[{"href":"https:\/\/www.wgservices.ch\/fr\/wp-json\/wp\/v2\/pages"}],"about":[{"href":"https:\/\/www.wgservices.ch\/fr\/wp-json\/wp\/v2\/types\/page"}],"author":[{"embeddable":true,"href":"https:\/\/www.wgservices.ch\/fr\/wp-json\/wp\/v2\/users\/1"}],"replies":[{"embeddable":true,"href":"https:\/\/www.wgservices.ch\/fr\/wp-json\/wp\/v2\/comments?post=963"}],"version-history":[{"count":27,"href":"https:\/\/www.wgservices.ch\/fr\/wp-json\/wp\/v2\/pages\/963\/revisions"}],"predecessor-version":[{"id":2193,"href":"https:\/\/www.wgservices.ch\/fr\/wp-json\/wp\/v2\/pages\/963\/revisions\/2193"}],"wp:attachment":[{"href":"https:\/\/www.wgservices.ch\/fr\/wp-json\/wp\/v2\/media?parent=963"}],"curies":[{"name":"wp","href":"https:\/\/api.w.org\/{rel}","templated":true}]}}