{"id":976,"date":"2016-06-24T12:48:38","date_gmt":"2016-06-24T12:48:38","guid":{"rendered":"https:\/\/www.wgservices.ch\/?page_id=976&#038;lang=fr"},"modified":"2026-02-06T13:09:51","modified_gmt":"2026-02-06T13:09:51","slug":"piece-de-rechange-vues-eclatees","status":"publish","type":"page","link":"https:\/\/www.wgservices.ch\/fr\/piece-de-rechange-vues-eclatees\/","title":{"rendered":"Pi\u00e8ce de rechange \/ vues \u00e9clat\u00e9es"},"content":{"rendered":"[vc_row type=\u00a0\u00bbin_container\u00a0\u00bb scene_position=\u00a0\u00bbcenter\u00a0\u00bb text_color=\u00a0\u00bbdark\u00a0\u00bb text_align=\u00a0\u00bbleft\u00a0\u00bb overlay_strength=\u00a0\u00bb0.3&Prime;][vc_column column_padding=\u00a0\u00bbno-extra-padding\u00a0\u00bb column_padding_position=\u00a0\u00bball\u00a0\u00bb background_color_opacity=\u00a0\u00bb1&Prime; background_hover_color_opacity=\u00a0\u00bb1&Prime; width=\u00a0\u00bb1\/1&Prime;]<div data-midnight=\"nectar-slider\" class=\"parallax_slider_outer \"><div  data-transition=\"slide\" data-overall_style=\"classic\" data-flexible-height=\"\" data-animate-in-effect=\"none\" data-fullscreen=\"false\" data-button-sizing=\"regular\" data-button-styling=\"btn_with_count\" data-autorotate=\"\" data-parallax=\"true\" data-parallax-disable-mobile=\"\" data-caption-trans=\"fade_in_from_bottom\" data-parallax-style=\"bg_only\" data-bg-animation=\"none\" data-full-width=\"false\" class=\"nectar-slider-wrap \" id=\"nectar-slider-instance-1\"><div class=\"swiper-container\"  data-tho=\"auto\" data-tco=\"auto\" data-pho=\"auto\" data-pco=\"auto\" data-loop=\"false\" data-height=\"400\" data-min-height=\"\" data-arrows=\"false\" data-bullets=\"false\" data-bullet_style=\"see_through\" data-bullet_position=\"bottom\" data-desktop-swipe=\"false\" data-settings=\"\"> <div class=\"swiper-wrapper\"><div class=\"swiper-slide\" data-desktop-content-width=\"\" data-tablet-content-width=\"\" data-bg-alignment=\"center\" data-color-scheme=\"light\" data-x-pos=\"left\" data-y-pos=\"middle\" ><div class=\"slide-bg-wrap\"><div class=\"image-bg\" style=\"background-image: url(https:\/\/www.wgservices.ch\/wp-content\/uploads\/2015\/11\/wgs-wartung-service-bg.jpg);\"> &nbsp; <\/div><\/div><div class=\"container\">\n\t\t\t\t\t\t<div class=\"content\"><h2 class=\"ns-heading-el\">Pi\u00e8ces de rechange<\/h2><p class=\"transparent-bg\" ><span>Pi\u00e8ces de rechange pour votre machine de nettoyage<\/span><\/p><\/div>\n\t\t\t\t\t\t\t\t<\/div><!--\/container--><div class=\"video-texture active_texture\"> <span class=\"ie-fix\"><\/span> <\/div><\/div> <!--\/swiper-slide--><\/div><div class=\"nectar-slider-loading \"> <span class=\"loading-icon spin\">   <\/span> <\/div> <\/div> \n\t\t\t\t\t\n\t\t\t\t\t<\/div><\/div>[\/vc_column][\/vc_row][vc_row type=\u00a0\u00bbin_container\u00a0\u00bb scene_position=\u00a0\u00bbcenter\u00a0\u00bb text_color=\u00a0\u00bbdark\u00a0\u00bb text_align=\u00a0\u00bbleft\u00a0\u00bb overlay_strength=\u00a0\u00bb0.3&Prime;][vc_column column_padding=\u00a0\u00bbno-extra-padding\u00a0\u00bb column_padding_position=\u00a0\u00bball\u00a0\u00bb background_color_opacity=\u00a0\u00bb1&Prime; background_hover_color_opacity=\u00a0\u00bb1&Prime; width=\u00a0\u00bb1\/1&Prime;][divider line_type=\u00a0\u00bbNo Line\u00a0\u00bb custom_height=\u00a0\u00bb40&Prime;][vc_column_text]\n<h1>Commmander des\u00a0pi\u00e8ces de rechange<\/h1>\n[\/vc_column_text][divider line_type=\u00a0\u00bbNo Line\u00a0\u00bb custom_height=\u00a0\u00bb30&Prime;][vc_column_text]Trouvez les pi\u00e8ces de rechange dans les vues \u00e9clat\u00e9es et ajouter le pr\u00e9fixe correct devant le num\u00e9ro: FI&#8230; en cas de Fimap G&#8230; en cas de\u00a0Ghibli SP&#8230; en cas de\u00a0Sprintus UN&#8230; en cas de\u00a0Unger TC&#8230; en cas de Tomcat[\/vc_column_text][divider line_type=\u00a0\u00bbNo Line\u00a0\u00bb custom_height=\u00a0\u00bb50&Prime;][\/vc_column][\/vc_row][vc_row type=\u00a0\u00bbfull_width_background\u00a0\u00bb bg_color=\u00a0\u00bb#ffffff\u00a0\u00bb scene_position=\u00a0\u00bbcenter\u00a0\u00bb text_color=\u00a0\u00bbdark\u00a0\u00bb text_align=\u00a0\u00bbleft\u00a0\u00bb overlay_strength=\u00a0\u00bb0.3&Prime;][vc_column column_padding=\u00a0\u00bbno-extra-padding\u00a0\u00bb column_padding_position=\u00a0\u00bball\u00a0\u00bb background_color_opacity=\u00a0\u00bb1&Prime; background_hover_color_opacity=\u00a0\u00bb1&Prime; width=\u00a0\u00bb1\/1&Prime;][divider line_type=\u00a0\u00bbNo Line\u00a0\u00bb custom_height=\u00a0\u00bb60&Prime;][vc_row_inner][vc_column_inner column_padding=\u00a0\u00bbno-extra-padding\u00a0\u00bb column_padding_position=\u00a0\u00bball\u00a0\u00bb background_color_opacity=\u00a0\u00bb1&Prime; width=\u00a0\u00bb1\/4&Prime;][image_with_animation image_url=\u00a0\u00bb829&Prime; alignment=\u00a0\u00bb\u00a0\u00bb animation=\u00a0\u00bbFade In\u00a0\u00bb][divider line_type=\u00a0\u00bbSmall Line\u00a0\u00bb custom_height=\u00a0\u00bb40&Prime;][vc_column_text]\n<ul>\n<li><a href=\"https:\/\/www.wgservices.ch\/wp-content\/uploads\/2020\/01\/FA15-2014-10.pdf\">FA15+<\/a><\/li>\n<li><a href=\"https:\/\/www.wgservices.ch\/wp-content\/uploads\/2016\/03\/fimap-fimop-explosionszechnung-ersatzteile.pdf\" target=\"_blank\" rel=\"noopener noreferrer\">Fimop<\/a><\/li>\n<li><a href=\"https:\/\/www.wgservices.ch\/wp-content\/uploads\/2019\/11\/2016-04-genieXS.pdf\">Genie XS<\/a><\/li>\n<li><a href=\"https:\/\/www.wgservices.ch\/wp-content\/uploads\/2016\/10\/CatRic_GenieB_verAD.pdf\" target=\"_blank\" rel=\"noopener noreferrer\">Genie B<\/a><\/li>\n<li><a href=\"https:\/\/www.wgservices.ch\/wp-content\/uploads\/2022\/03\/Ersatzteilzeichnung-GL-Pro.pdf\" target=\"_blank\" rel=\"noopener noreferrer\">GL PRO<\/a><\/li>\n<li><a href=\"https:\/\/www.wgservices.ch\/wp-content\/uploads\/2022\/03\/Ersatzteilzeichnung-GxL-Pro.pdf\" target=\"_blank\" rel=\"noopener noreferrer\">GLX PRO<\/a><\/li>\n<li><a href=\"https:\/\/www.wgservices.ch\/wp-content\/uploads\/2020\/01\/MY-16.pdf\">My16<\/a><\/li>\n<li><a href=\"https:\/\/www.wgservices.ch\/wp-content\/uploads\/2016\/03\/fimap-CatRic-My50-B-E-AF.pdf\" target=\"_blank\" rel=\"noopener noreferrer\">My50B<\/a><\/li>\n<li><a href=\"https:\/\/www.wgservices.ch\/wp-content\/uploads\/2016\/03\/fimap-imx-50b-explosionszechnung-ersatzteile.pdf\" target=\"_blank\" rel=\"noopener noreferrer\">IMX 50 B<\/a><\/li>\n<li><a href=\"https:\/\/www.wgservices.ch\/wp-content\/uploads\/2016\/03\/fimap-mmx-serie-explosionszechnung-ersatzteile.pdf\" target=\"_blank\" rel=\"noopener noreferrer\">MMX-Serie<\/a><\/li>\n<li><a href=\"https:\/\/www.wgservices.ch\/wp-content\/uploads\/2018\/06\/Maxima_Base.pdf\" target=\"_blank\" rel=\"noopener noreferrer\">Maxima Base<\/a><\/li>\n<li><a href=\"https:\/\/www.wgservices.ch\/wp-content\/uploads\/2018\/06\/Maxima_Pro.pdf\" target=\"_blank\" rel=\"noopener noreferrer\">Maxima Pro<\/a><\/li>\n<li><a href=\"https:\/\/www.wgservices.ch\/wp-content\/uploads\/2018\/06\/Maxima_Plus.pdf\" target=\"_blank\" rel=\"noopener noreferrer\">Maxima Plus<\/a><\/li>\n<li><a href=\"https:\/\/www.wgservices.ch\/wp-content\/uploads\/2020\/06\/MX-Fimap-2016-02.pdf\" target=\"_blank\" rel=\"noopener noreferrer\">Mx<\/a><\/li>\n<li><a href=\"https:\/\/www.wgservices.ch\/wp-content\/uploads\/2016\/03\/fimap-mx-serie-explosionszechnung-ersatzteile.pdf\" target=\"_blank\" rel=\"noopener noreferrer\">MX-Serie<\/a><\/li>\n<li><a href=\"https:\/\/www.wgservices.ch\/wp-content\/uploads\/2016\/03\/fimap-mxr-serie-explosionszechnung-ersatzteile.pdf\" target=\"_blank\" rel=\"noopener noreferrer\">MXR-Serie<\/a><\/li>\n<li><a href=\"https:\/\/www.wgservices.ch\/wp-content\/uploads\/2016\/03\/fimap-mr-serie-explosionszechnung-ersatzteile.pdf\" target=\"_blank\" rel=\"noopener noreferrer\">MR-Serie<\/a><\/li>\n<li><a href=\"https:\/\/www.wgservices.ch\/wp-content\/uploads\/2016\/03\/fimap-mmg-serie-explosionszechnung-ersatzteile.pdf\" target=\"_blank\" rel=\"noopener noreferrer\">MMG-Serie<\/a><\/li>\n<li><a href=\"https:\/\/www.wgservices.ch\/wp-content\/uploads\/2017\/02\/CatRic-MMg-2016-Base.pdf\" target=\"_blank\" rel=\"noopener noreferrer\">MMG-Plus\/-Base<\/a><\/li>\n<li><a href=\"https:\/\/www.wgservices.ch\/wp-content\/uploads\/2016\/03\/fimap-mg-serie-explosionszechnung-ersatzteile.pdf\" target=\"_blank\" rel=\"noopener noreferrer\">MG-Serie<\/a><\/li>\n<li><a href=\"https:\/\/www.wgservices.ch\/wp-content\/uploads\/2019\/07\/RIC-BMg-65B-Pro-AA.pdf\" target=\"_blank\" rel=\"noopener noreferrer\">BMg-65B-Pro<\/a><\/li>\n<li><a href=\"https:\/\/www.wgservices.ch\/wp-content\/uploads\/2018\/11\/SMG120-B-FSS-012-03.pdf\" target=\"_blank\" rel=\"noopener noreferrer\">SMG 120 B FSS<\/a><\/li>\n<li><a href=\"https:\/\/www.wgservices.ch\/wp-content\/uploads\/2024\/12\/RIC-SMG-130-BASE.pdf\">SMG 130 Base<\/a><\/li>\n<li><a href=\"https:\/\/www.wgservices.ch\/wp-content\/uploads\/2016\/10\/CatRic_Magna 1300_B_verAA.pdf\" target=\"_blank\" rel=\"noopener noreferrer\">Magna 1300 B<\/a><\/li>\n<li><a href=\"https:\/\/www.wgservices.ch\/wp-content\/uploads\/2019\/01\/Magna-2017-Basic.pdf\">Magna 2017 Basic<\/a><\/li>\n<li><a href=\"https:\/\/www.wgservices.ch\/wp-content\/uploads\/2019\/01\/Magna-2017-Plus.pdf\">Magna 2017 Plus<\/a><\/li>\n<li><a href=\"https:\/\/www.wgservices.ch\/wp-content\/uploads\/2016\/10\/Lista_Spazzole_Per_Spazzatrici_AD.pdf\" target=\"_blank\" rel=\"noopener noreferrer\">B\u00fcrsten f\u00fcr Kehrsaugmaschinen<\/a><\/li>\n<li><a href=\"https:\/\/www.wgservices.ch\/wp-content\/uploads\/2016\/10\/Sauggummi_Scheuersaugmaschinen.pdf\" target=\"_blank\" rel=\"noopener noreferrer\">Sauggummis f\u00fcr Scheuersuagmaschinen<\/a><\/li>\n<li><a href=\"https:\/\/www.wgservices.ch\/wp-content\/uploads\/2016\/10\/Buersten_Scheuersaugmaschinen_AE.pdf\" target=\"_blank\" rel=\"noopener noreferrer\">Buersten f\u00fcr Scheuersaugmaschinen<\/a><\/li>\n<li><a href=\"https:\/\/www.wgservices.ch\/wp-content\/uploads\/2016\/10\/CatRic_FS50_AB.pdf\" target=\"_blank\" rel=\"noopener noreferrer\">FS 50<\/a><\/li>\n<li><a href=\"https:\/\/www.wgservices.ch\/wp-content\/uploads\/2016\/10\/CatRic_FSR_verAA.pdf\" target=\"_blank\" rel=\"noopener noreferrer\">FSR<\/a><\/li>\n<li><a href=\"https:\/\/www.wgservices.ch\/wp-content\/uploads\/2016\/10\/CatRic_FS700_H_verAA.pdf\" target=\"_blank\" rel=\"noopener noreferrer\">FS700 H<\/a><\/li>\n<li><a href=\"https:\/\/www.wgservices.ch\/wp-content\/uploads\/2016\/10\/CatRic_FS700_B_verAA.pdf\" target=\"_blank\" rel=\"noopener noreferrer\">FS 700 B<\/a><\/li>\n<li><a href=\"https:\/\/www.wgservices.ch\/wp-content\/uploads\/2016\/10\/CatRic_FS800_B_base_verAB.pdf\" target=\"_blank\" rel=\"noopener noreferrer\">FS800 B Basic<\/a><\/li>\n<li><a href=\"https:\/\/www.wgservices.ch\/wp-content\/uploads\/2016\/10\/CatRic_FS800_B_verAC.pdf\" target=\"_blank\" rel=\"noopener noreferrer\">FS800 B<\/a><\/li>\n<li><a href=\"https:\/\/www.wgservices.ch\/wp-content\/uploads\/2025\/11\/Explosionszeichnungen-EMX-50-BT.pdf\">EMX 50 BT<\/a><\/li>\n<li><a href=\"https:\/\/www.wgservices.ch\/wp-content\/uploads\/2025\/11\/ExplosionszeichnungenFV15.1.pdf\">FV15.1<\/a><\/li>\n<li><a href=\"https:\/\/www.wgservices.ch\/wp-content\/uploads\/2025\/11\/Bella.pdf\">Bella<\/a><\/li>\n<li><a href=\"https:\/\/www.wgservices.ch\/wp-content\/uploads\/2025\/11\/ExplosionszeichnungJMX.pdf\">JMX<\/a><\/li>\n<li><a href=\"https:\/\/www.wgservices.ch\/wp-content\/uploads\/2026\/02\/Orbitizer.pdf\">Orbitizer<\/a><\/li>\n<\/ul>\n[\/vc_column_text][\/vc_column_inner][vc_column_inner column_padding=\u00a0\u00bbno-extra-padding\u00a0\u00bb column_padding_position=\u00a0\u00bball\u00a0\u00bb background_color_opacity=\u00a0\u00bb1&Prime; width=\u00a0\u00bb1\/4&Prime;][image_with_animation image_url=\u00a0\u00bb850&Prime; alignment=\u00a0\u00bb\u00a0\u00bb animation=\u00a0\u00bbFade In\u00a0\u00bb][divider line_type=\u00a0\u00bbSmall Line\u00a0\u00bb custom_height=\u00a0\u00bb40&Prime;][vc_column_text]\n<ul>\n<li><a href=\"https:\/\/www.wgservices.ch\/wp-content\/uploads\/2016\/03\/ghibli-einscheiben-sb133-explosionszechnung-ersatzteile.pdf\" target=\"_blank\" rel=\"noopener noreferrer\">SB 133<\/a><\/li>\n<li><a href=\"https:\/\/www.wgservices.ch\/wp-content\/uploads\/2016\/03\/ghibli-einscheiben-sb143-explosionszechnung-ersatzteile.pdf\" target=\"_blank\" rel=\"noopener noreferrer\">SB 143<\/a><\/li>\n<li><a href=\"https:\/\/www.wgservices.ch\/wp-content\/uploads\/2016\/03\/ghibli-einscheiben-sb143-ts-explosionszechnung-ersatzteile.pdf\" target=\"_blank\" rel=\"noopener noreferrer\">SB 143 TS<\/a><\/li>\n<li><a href=\"https:\/\/www.wgservices.ch\/wp-content\/uploads\/2018\/03\/SB-143-L08.pdf\">SB 143 L08<\/a><\/li>\n<li><a href=\"https:\/\/www.wgservices.ch\/wp-content\/uploads\/2016\/03\/ghibli-t1-rueckensauger-explosionszechnung-ersatzteile.pdf\" target=\"_blank\" rel=\"noopener noreferrer\">T1<\/a><\/li>\n<li><a href=\"https:\/\/www.wgservices.ch\/wp-content\/uploads\/2016\/03\/ghibli-as-6-explosionszechnung-ersatzteile.pdf\" target=\"_blank\" rel=\"noopener noreferrer\">AS 6<\/a><\/li>\n<li><a href=\"https:\/\/www.wgservices.ch\/wp-content\/uploads\/2016\/03\/ghibli-as-7-i-explosionszechnung-ersatzteile.pdf\" target=\"_blank\" rel=\"noopener noreferrer\">AS 7 I<\/a><\/li>\n<li><a href=\"https:\/\/www.wgservices.ch\/wp-content\/uploads\/2016\/03\/ghibli-as-8-i-explosionszechnung-ersatzteile.pdf\" target=\"_blank\" rel=\"noopener noreferrer\">AS 8 I<\/a><\/li>\n<li><a href=\"https:\/\/www.wgservices.ch\/wp-content\/uploads\/2016\/03\/ghibli-as-8-ik-cbm-explosionszechnung-ersatzteile.pdf\" target=\"_blank\" rel=\"noopener noreferrer\">AS 8 IK CBM<\/a><\/li>\n<li><a href=\"https:\/\/www.wgservices.ch\/wp-content\/uploads\/2016\/03\/ghibli-as-9-i-explosionszechnung-ersatzteile.pdf\" target=\"_blank\" rel=\"noopener noreferrer\">AS 9 I<\/a><\/li>\n<li><a href=\"https:\/\/www.wgservices.ch\/wp-content\/uploads\/2016\/03\/ghibli-as-12-p-explosionszechnung-ersatzteile.pdf\" target=\"_blank\" rel=\"noopener noreferrer\">AS 12 P<\/a><\/li>\n<li><a href=\"https:\/\/www.wgservices.ch\/wp-content\/uploads\/2018\/03\/Power-D12.pdf\" target=\"_blank\" rel=\"noopener noreferrer\">POWER D 12<\/a><\/li>\n<li><a href=\"https:\/\/www.wgservices.ch\/wp-content\/uploads\/2018\/03\/Power-WD-50-P.pdf\" target=\"_blank\" rel=\"noopener noreferrer\">POWER WD 50 P<\/a><\/li>\n<li><a href=\"https:\/\/www.wgservices.ch\/wp-content\/uploads\/2018\/03\/Power-WD-80-2-I.pdf\" target=\"_blank\" rel=\"noopener noreferrer\">POWER WD 80.2 I<\/a><\/li>\n<li><a href=\"https:\/\/www.wgservices.ch\/wp-content\/uploads\/2018\/03\/Power-WD-80-2-P.pdf\" target=\"_blank\" rel=\"noopener noreferrer\">POWER WD 80.2 P<\/a><\/li>\n<li><a href=\"https:\/\/www.wgservices.ch\/wp-content\/uploads\/2019\/06\/Explosion-Serie-S1-S2-S3-S5-Junior-38B.pdf\" target=\"_blank\" rel=\"noopener noreferrer\">S1, S2, S3, S5 Junior<\/a><\/li>\n<li><a href=\"https:\/\/www.wgservices.ch\/wp-content\/uploads\/2020\/08\/M7-I.pdf\" target=\"_blank\" rel=\"noopener noreferrer\">M7 I<\/a><\/li>\n<li><a href=\"https:\/\/www.wgservices.ch\/wp-content\/uploads\/2020\/08\/M7-P.pdf\" target=\"_blank\" rel=\"noopener noreferrer\">M7 P<\/a><\/li>\n<li><a href=\"https:\/\/www.wgservices.ch\/wp-content\/uploads\/2020\/08\/M9-I.pdf\" target=\"_blank\" rel=\"noopener noreferrer\">M9 I<\/a><\/li>\n<li><a href=\"https:\/\/www.wgservices.ch\/wp-content\/uploads\/2020\/08\/M9-P.pdf\" target=\"_blank\" rel=\"noopener noreferrer\">M9 P<\/a><\/li>\n<li><a href=\"https:\/\/www.wgservices.ch\/wp-content\/uploads\/2020\/08\/PE-7-I.pdf\" target=\"_blank\" rel=\"noopener noreferrer\">PE 7 I<\/a><\/li>\n<li><a href=\"https:\/\/www.wgservices.ch\/wp-content\/uploads\/2020\/08\/PE-7-P.pdf\" target=\"_blank\" rel=\"noopener noreferrer\">PE 7 P<\/a><\/li>\n<li><a href=\"https:\/\/www.wgservices.ch\/wp-content\/uploads\/2020\/08\/PE-11-I.pdf\" target=\"_blank\" rel=\"noopener noreferrer\">PE 11 I<\/a><\/li>\n<li><a href=\"https:\/\/www.wgservices.ch\/wp-content\/uploads\/2025\/11\/ExplosionszeichnungenS-Team6.pdf\">S-Team 6<\/a><\/li>\n<\/ul>\n[\/vc_column_text][\/vc_column_inner][vc_column_inner column_padding=\u00a0\u00bbno-extra-padding\u00a0\u00bb column_padding_position=\u00a0\u00bball\u00a0\u00bb background_color_opacity=\u00a0\u00bb1&Prime; width=\u00a0\u00bb1\/4&Prime;][image_with_animation image_url=\u00a0\u00bb871&Prime; alignment=\u00a0\u00bb\u00a0\u00bb animation=\u00a0\u00bbFade In\u00a0\u00bb][divider line_type=\u00a0\u00bbSmall Line\u00a0\u00bb custom_height=\u00a0\u00bb40&Prime;][vc_column_text]\n<ul>\n<li><a href=\"https:\/\/www.wgservices.ch\/wp-content\/uploads\/2016\/04\/sprintus-ersatzteile-explosionszeichnungen.pdf\" target=\"_blank\" rel=\"noopener noreferrer\">SPRiNTUS catalogue de pi\u00e8ces d\u00e9tach\u00e9es<\/a><\/li>\n<li><a href=\"https:\/\/www.wgservices.ch\/wp-content\/uploads\/2018\/02\/210006-ETZ-FR.pdf\" target=\"_blank\" rel=\"noopener noreferrer\">210006 Camira<\/a><\/li>\n<\/ul>\n[\/vc_column_text][\/vc_column_inner][vc_column_inner column_padding=\u00a0\u00bbno-extra-padding\u00a0\u00bb column_padding_position=\u00a0\u00bball\u00a0\u00bb background_color_opacity=\u00a0\u00bb1&Prime; width=\u00a0\u00bb1\/4&Prime;][image_with_animation image_url=\u00a0\u00bb1202&Prime; alignment=\u00a0\u00bb\u00a0\u00bb animation=\u00a0\u00bbFade In\u00a0\u00bb][divider line_type=\u00a0\u00bbSmall Line\u00a0\u00bb custom_height=\u00a0\u00bb40&Prime;][vc_column_text]\n<ul>\n<li><a href=\"https:\/\/www.wgservices.ch\/wp-content\/uploads\/2018\/10\/UngerErsatzteilPreisliste2018-DE-oP.pdf\" target=\"_blank\" rel=\"noopener noreferrer\">UNGER pi\u00e8ces d\u00e9tach\u00e9es 2018<\/a><\/li>\n<li><a href=\"https:\/\/www.wgservices.ch\/wp-content\/uploads\/2020\/07\/Unger-Ersatzteile-2020.pdf\" target=\"_blank\" rel=\"noopener noreferrer\">UNGER pi\u00e8ces d\u00e9tach\u00e9es 2020<\/a><\/li>\n<li><a href=\"https:\/\/www.wgservices.ch\/wp-content\/uploads\/2022\/07\/Unger-Ersatzteil-Liste-2022.pdf\">UNGER pi\u00e8ces d\u00e9tach\u00e9es 2022<\/a><\/li>\n<\/ul>\n[\/vc_column_text][\/vc_column_inner][\/vc_row_inner][divider line_type=\u00a0\u00bbNo Line\u00a0\u00bb custom_height=\u00a0\u00bb40&Prime;][\/vc_column][\/vc_row] [vc_row type=\u00a0\u00bbfull_width_background\u00a0\u00bb bg_color=\u00a0\u00bb#ffffff\u00a0\u00bb scene_position=\u00a0\u00bbcenter\u00a0\u00bb text_color=\u00a0\u00bbdark\u00a0\u00bb text_align=\u00a0\u00bbleft\u00a0\u00bb overlay_strength=\u00a0\u00bb0.3&Prime;][vc_column column_padding=\u00a0\u00bbno-extra-padding\u00a0\u00bb column_padding_position=\u00a0\u00bball\u00a0\u00bb background_color_opacity=\u00a0\u00bb1&Prime; background_hover_color_opacity=\u00a0\u00bb1&Prime; width=\u00a0\u00bb1\/1&Prime;][divider line_type=\u00a0\u00bbNo Line\u00a0\u00bb custom_height=\u00a0\u00bb60&Prime;][vc_row_inner][vc_column_inner column_padding=\u00a0\u00bbno-extra-padding\u00a0\u00bb column_padding_position=\u00a0\u00bball\u00a0\u00bb background_color_opacity=\u00a0\u00bb1&Prime; width=\u00a0\u00bb1\/4&Prime;]<img decoding=\"async\" src=\"https:\/\/www.wgservices.ch\/wp-content\/uploads\/2019\/01\/tomcat-logo-120.jpg\" alt=\"Tomcat\" \/>[divider line_type=\u00a0\u00bbSmall Line\u00a0\u00bb custom_height=\u00a0\u00bb40&Prime;][vc_column_text]\n<ul>\n<li><a href=\"https:\/\/www.wgservices.ch\/wp-content\/uploads\/2019\/01\/Carbon-EDGE.pdf\" target=\"_blank\" rel=\"noopener noreferrer\">Carbon EDGE<\/a><\/li>\n<li><a href=\"https:\/\/www.wgservices.ch\/wp-content\/uploads\/2019\/01\/Iso-EDGE.pdf\" target=\"_blank\" rel=\"noopener noreferrer\">Iso EDGE<\/a><\/li>\n<li><a href=\"https:\/\/www.wgservices.ch\/wp-content\/uploads\/2019\/01\/Nano-EDGE.pdf\">Nano EDGE<\/a><\/li>\n<\/ul>\n[\/vc_column_text][\/vc_column_inner][vc_column_inner column_padding=\u00a0\u00bbno-extra-padding\u00a0\u00bb column_padding_position=\u00a0\u00bball\u00a0\u00bb background_color_opacity=\u00a0\u00bb1&Prime; width=\u00a0\u00bb1\/4&Prime;]<img decoding=\"async\" src=\"https:\/\/www.wgservices.ch\/wp-content\/uploads\/2019\/08\/sebo-logo.jpg\" alt=\"Tomcat\" \/>[divider line_type=\u00a0\u00bbSmall Line\u00a0\u00bb custom_height=\u00a0\u00bb40&Prime;][vc_column_text]\n<ul>\n<li><a href=\"https:\/\/www.wgservices.ch\/wp-content\/uploads\/2019\/08\/ERSATZTEILLISTE_SEBO_350_EVOLUTION_03_2016.pdf\" target=\"_blank\" rel=\"noopener noreferrer\">Sebo 350 Evolution<\/a><\/li>\n<\/ul>\n<ul>\n<li>[\/vc_column_text][\/vc_column_inner][vc_column_inner column_padding=\u00a0\u00bbno-extra-padding\u00a0\u00bb column_padding_position=\u00a0\u00bball\u00a0\u00bb background_color_opacity=\u00a0\u00bb1&Prime; width=\u00a0\u00bb1\/4&Prime;]<a href=\"https:\/\/www.wgservices.ch\/wp-content\/uploads\/2026\/01\/677d417fc171d07bc08106d3_express-gausium-s.jpeg\"><img loading=\"lazy\" decoding=\"async\" class=\"alignnone wp-image-2514\" src=\"https:\/\/www.wgservices.ch\/wp-content\/uploads\/2026\/01\/677d417fc171d07bc08106d3_express-gausium-s-300x98.jpeg\" alt=\"\" width=\"153\" height=\"50\" srcset=\"https:\/\/www.wgservices.ch\/wp-content\/uploads\/2026\/01\/677d417fc171d07bc08106d3_express-gausium-s-300x98.jpeg 300w, https:\/\/www.wgservices.ch\/wp-content\/uploads\/2026\/01\/677d417fc171d07bc08106d3_express-gausium-s-768x252.jpeg 768w, https:\/\/www.wgservices.ch\/wp-content\/uploads\/2026\/01\/677d417fc171d07bc08106d3_express-gausium-s.jpeg 946w\" sizes=\"auto, (max-width: 153px) 100vw, 153px\" \/><\/a> [divider line_type=\u00a0\u00bbSmall Line\u00a0\u00bb custom_height=\u00a0\u00bb40&Prime;][vc_column_text]<\/li>\n<\/ul>\n<ul>\n<li><a href=\"https:\/\/www.wgservices.ch\/wp-content\/uploads\/2026\/01\/SC50V4.1EXPLODEDVIEW.pdf\">Autonomous Scrubber 50<\/a><\/li>\n<li><a href=\"https:\/\/www.wgservices.ch\/wp-content\/uploads\/2026\/01\/Phantas_V1.3EXPLODEDVIEW.pdf\">Phantas<\/a><\/li>\n<\/ul>\n[\/vc_column_text][\/vc_column_inner][\/vc_row_inner][divider line_type=\u00a0\u00bbNo Line\u00a0\u00bb custom_height=\u00a0\u00bb40&Prime;][\/vc_column][\/vc_row]\n","protected":false},"excerpt":{"rendered":"<p>[vc_row type=\u00a0\u00bbin_container\u00a0\u00bb scene_position=\u00a0\u00bbcenter\u00a0\u00bb text_color=\u00a0\u00bbdark\u00a0\u00bb text_align=\u00a0\u00bbleft\u00a0\u00bb overlay_strength=\u00a0\u00bb0.3&Prime;][vc_column column_padding=\u00a0\u00bbno-extra-padding\u00a0\u00bb column_padding_position=\u00a0\u00bball\u00a0\u00bb background_color_opacity=\u00a0\u00bb1&Prime; background_hover_color_opacity=\u00a0\u00bb1&Prime; width=\u00a0\u00bb1\/1&Prime;][\/vc_column][\/vc_row][vc_row type=\u00a0\u00bbin_container\u00a0\u00bb scene_position=\u00a0\u00bbcenter\u00a0\u00bb text_color=\u00a0\u00bbdark\u00a0\u00bb text_align=\u00a0\u00bbleft\u00a0\u00bb overlay_strength=\u00a0\u00bb0.3&Prime;][vc_column column_padding=\u00a0\u00bbno-extra-padding\u00a0\u00bb column_padding_position=\u00a0\u00bball\u00a0\u00bb background_color_opacity=\u00a0\u00bb1&Prime; background_hover_color_opacity=\u00a0\u00bb1&Prime; width=\u00a0\u00bb1\/1&Prime;][divider line_type=\u00a0\u00bbNo Line\u00a0\u00bb custom_height=\u00a0\u00bb40&Prime;][vc_column_text] Commmander des\u00a0pi\u00e8ces de rechange [\/vc_column_text][divider line_type=\u00a0\u00bbNo&#8230;<\/p>\n","protected":false},"author":1,"featured_media":0,"parent":0,"menu_order":0,"comment_status":"closed","ping_status":"closed","template":"","meta":{"footnotes":""},"class_list":["post-976","page","type-page","status-publish"],"_links":{"self":[{"href":"https:\/\/www.wgservices.ch\/fr\/wp-json\/wp\/v2\/pages\/976","targetHints":{"allow":["GET"]}}],"collection":[{"href":"https:\/\/www.wgservices.ch\/fr\/wp-json\/wp\/v2\/pages"}],"about":[{"href":"https:\/\/www.wgservices.ch\/fr\/wp-json\/wp\/v2\/types\/page"}],"author":[{"embeddable":true,"href":"https:\/\/www.wgservices.ch\/fr\/wp-json\/wp\/v2\/users\/1"}],"replies":[{"embeddable":true,"href":"https:\/\/www.wgservices.ch\/fr\/wp-json\/wp\/v2\/comments?post=976"}],"version-history":[{"count":57,"href":"https:\/\/www.wgservices.ch\/fr\/wp-json\/wp\/v2\/pages\/976\/revisions"}],"predecessor-version":[{"id":2564,"href":"https:\/\/www.wgservices.ch\/fr\/wp-json\/wp\/v2\/pages\/976\/revisions\/2564"}],"wp:attachment":[{"href":"https:\/\/www.wgservices.ch\/fr\/wp-json\/wp\/v2\/media?parent=976"}],"curies":[{"name":"wp","href":"https:\/\/api.w.org\/{rel}","templated":true}]}}