{"id":978,"date":"2016-06-24T12:55:17","date_gmt":"2016-06-24T12:55:17","guid":{"rendered":"https:\/\/www.wgservices.ch\/?page_id=978&#038;lang=fr"},"modified":"2019-12-30T16:16:27","modified_gmt":"2019-12-30T16:16:27","slug":"wgs-sa","status":"publish","type":"page","link":"https:\/\/www.wgservices.ch\/fr\/wgs-sa\/","title":{"rendered":"Weita Service SA"},"content":{"rendered":"[vc_row type=\u00a0\u00bbin_container\u00a0\u00bb scene_position=\u00a0\u00bbcenter\u00a0\u00bb text_color=\u00a0\u00bbdark\u00a0\u00bb text_align=\u00a0\u00bbleft\u00a0\u00bb][vc_column column_padding=\u00a0\u00bbno-extra-padding\u00a0\u00bb column_padding_position=\u00a0\u00bball\u00a0\u00bb background_color_opacity=\u00a0\u00bb1&Prime; background_hover_color_opacity=\u00a0\u00bb1&Prime; width=\u00a0\u00bb1\/1&Prime;]<div data-midnight=\"nectar-slider\" class=\"parallax_slider_outer \"><div  data-transition=\"slide\" data-overall_style=\"classic\" data-flexible-height=\"\" data-animate-in-effect=\"none\" data-fullscreen=\"false\" data-button-sizing=\"regular\" data-button-styling=\"btn_with_count\" data-autorotate=\"\" data-parallax=\"true\" data-parallax-disable-mobile=\"\" data-caption-trans=\"fade_in_from_bottom\" data-parallax-style=\"bg_only\" data-bg-animation=\"none\" data-full-width=\"false\" class=\"nectar-slider-wrap \" id=\"nectar-slider-instance-1\"><div class=\"swiper-container\"  data-tho=\"auto\" data-tco=\"auto\" data-pho=\"auto\" data-pco=\"auto\" data-loop=\"false\" data-height=\"400\" data-min-height=\"\" data-arrows=\"false\" data-bullets=\"false\" data-bullet_style=\"see_through\" data-bullet_position=\"bottom\" data-desktop-swipe=\"false\" data-settings=\"\"> <div class=\"swiper-wrapper\"><div class=\"swiper-slide\" data-desktop-content-width=\"\" data-tablet-content-width=\"\" data-bg-alignment=\"center\" data-color-scheme=\"light\" data-x-pos=\"left\" data-y-pos=\"middle\" ><div class=\"slide-bg-wrap\"><div class=\"image-bg\" style=\"background-image: url(https:\/\/www.wgservices.ch\/wp-content\/uploads\/2015\/11\/wgs-title-bg.jpg);\"> &nbsp; <\/div><\/div><div class=\"video-texture active_texture\"> <span class=\"ie-fix\"><\/span> <\/div><\/div> <!--\/swiper-slide--><\/div><div class=\"nectar-slider-loading \"> <span class=\"loading-icon spin\">   <\/span> <\/div> <\/div> \n\t\t\t\t\t\n\t\t\t\t\t<\/div><\/div>[\/vc_column][\/vc_row][vc_row type=\u00a0\u00bbin_container\u00a0\u00bb scene_position=\u00a0\u00bbcenter\u00a0\u00bb text_color=\u00a0\u00bbdark\u00a0\u00bb text_align=\u00a0\u00bbleft\u00a0\u00bb][vc_column column_padding=\u00a0\u00bbno-extra-padding\u00a0\u00bb column_padding_position=\u00a0\u00bball\u00a0\u00bb background_color_opacity=\u00a0\u00bb1&Prime; background_hover_color_opacity=\u00a0\u00bb1&Prime; width=\u00a0\u00bb1\/1&Prime;][divider line_type=\u00a0\u00bbNo Line\u00a0\u00bb custom_height=\u00a0\u00bb40&Prime;][vc_column_text]\n<h1>Weita Service SA se pr\u00e9sente<\/h1>\n[\/vc_column_text][divider line_type=\u00a0\u00bbNo Line\u00a0\u00bb custom_height=\u00a0\u00bb30&Prime;][vc_column_text]Weita Service SA soutient, gr\u00e2ce \u00e0 son offre \u00e9tendue de services, l&rsquo;ensemble la Weita SA dans les domaines:<\/p>\n<ul>\n<li>De l&rsquo;hygi\u00e8ne<\/li>\n<li>Du nettoyage<\/li>\n<li>De la s\u00e9curit\u00e9 au travail<\/li>\n<li>De la protection de la sant\u00e9<\/li>\n<\/ul>\n<p>L&rsquo;objectif est de proposer au client des services neutres r\u00e9pondant \u00e0 ses besoins individuels dans son secteur respectif.[\/vc_column_text][divider line_type=\u00a0\u00bbNo Line\u00a0\u00bb custom_height=\u00a0\u00bb50&Prime;][\/vc_column][\/vc_row][vc_row type=\u00a0\u00bbfull_width_background\u00a0\u00bb bg_color=\u00a0\u00bb#ededed\u00a0\u00bb scene_position=\u00a0\u00bbcenter\u00a0\u00bb text_color=\u00a0\u00bbdark\u00a0\u00bb text_align=\u00a0\u00bbleft\u00a0\u00bb][vc_column column_padding=\u00a0\u00bbno-extra-padding\u00a0\u00bb column_padding_position=\u00a0\u00bball\u00a0\u00bb background_color_opacity=\u00a0\u00bb1&Prime; background_hover_color_opacity=\u00a0\u00bb1&Prime; width=\u00a0\u00bb1\/1&Prime;][divider line_type=\u00a0\u00bbNo Line\u00a0\u00bb custom_height=\u00a0\u00bb50&Prime;][vc_column_text]\n<h2>Nos clients<\/h2>\n<ul>\n<li>H\u00f4pitaux<\/li>\n<li>Cliniques de r\u00e9\u00e9ducation<\/li>\n<li>Etablissements m\u00e9dico-sociaux<\/li>\n<li>Services d&rsquo;aide et de soins \u00e0 domicile (Spitex)<\/li>\n<li>Cabinets et centres ambulatoires de toutes les disciplines<\/li>\n<li>Cabinets de m\u00e9decins et de dentistes<\/li>\n<li>Industrie<\/li>\n<li>Entreprises de transformation agroalimentaire<\/li>\n<li>Gastronomie<\/li>\n<li>Administrations publiques et communes<\/li>\n<li>Etablissements scolaires<\/li>\n<\/ul>\n[\/vc_column_text][divider line_type=\u00a0\u00bbNo Line\u00a0\u00bb custom_height=\u00a0\u00bb60&Prime;][\/vc_column][\/vc_row][vc_row type=\u00a0\u00bbin_container\u00a0\u00bb scene_position=\u00a0\u00bbcenter\u00a0\u00bb text_color=\u00a0\u00bbdark\u00a0\u00bb text_align=\u00a0\u00bbleft\u00a0\u00bb][vc_column column_padding=\u00a0\u00bbno-extra-padding\u00a0\u00bb column_padding_position=\u00a0\u00bball\u00a0\u00bb background_color_opacity=\u00a0\u00bb1&Prime; background_hover_color_opacity=\u00a0\u00bb1&Prime; width=\u00a0\u00bb1\/1&Prime;][divider line_type=\u00a0\u00bbNo Line\u00a0\u00bb custom_height=\u00a0\u00bb50&Prime;][vc_column_text]\n<h2>Vos avantages<\/h2>\n<p>Sur base des normes, lois et directives en vigueur, vous recevez des conseils adapt\u00e9s individuellement \u00e0 vos besoins, \u00e9galement en compl\u00e9ment \u00e0 vos ressources propres. Avec vous, nous trouvons des solutions optimales \u00e0 vos probl\u00e8mes, ce qui signifie pour vos clients et collaborateurs un degr\u00e9 \u00e9lev\u00e9 de s\u00e9curit\u00e9 et de qualit\u00e9.[\/vc_column_text][divider line_type=\u00a0\u00bbNo Line\u00a0\u00bb custom_height=\u00a0\u00bb60&Prime;][\/vc_column][\/vc_row]\n","protected":false},"excerpt":{"rendered":"<p>[vc_row type=\u00a0\u00bbin_container\u00a0\u00bb scene_position=\u00a0\u00bbcenter\u00a0\u00bb text_color=\u00a0\u00bbdark\u00a0\u00bb text_align=\u00a0\u00bbleft\u00a0\u00bb][vc_column column_padding=\u00a0\u00bbno-extra-padding\u00a0\u00bb column_padding_position=\u00a0\u00bball\u00a0\u00bb background_color_opacity=\u00a0\u00bb1&Prime; background_hover_color_opacity=\u00a0\u00bb1&Prime; width=\u00a0\u00bb1\/1&Prime;][\/vc_column][\/vc_row][vc_row type=\u00a0\u00bbin_container\u00a0\u00bb scene_position=\u00a0\u00bbcenter\u00a0\u00bb text_color=\u00a0\u00bbdark\u00a0\u00bb text_align=\u00a0\u00bbleft\u00a0\u00bb][vc_column column_padding=\u00a0\u00bbno-extra-padding\u00a0\u00bb column_padding_position=\u00a0\u00bball\u00a0\u00bb background_color_opacity=\u00a0\u00bb1&Prime; background_hover_color_opacity=\u00a0\u00bb1&Prime; width=\u00a0\u00bb1\/1&Prime;][divider line_type=\u00a0\u00bbNo Line\u00a0\u00bb custom_height=\u00a0\u00bb40&Prime;][vc_column_text] Weita Service SA se pr\u00e9sente [\/vc_column_text][divider line_type=\u00a0\u00bbNo Line\u00a0\u00bb&#8230;<\/p>\n","protected":false},"author":1,"featured_media":0,"parent":0,"menu_order":0,"comment_status":"closed","ping_status":"closed","template":"","meta":{"footnotes":""},"class_list":["post-978","page","type-page","status-publish"],"_links":{"self":[{"href":"https:\/\/www.wgservices.ch\/fr\/wp-json\/wp\/v2\/pages\/978","targetHints":{"allow":["GET"]}}],"collection":[{"href":"https:\/\/www.wgservices.ch\/fr\/wp-json\/wp\/v2\/pages"}],"about":[{"href":"https:\/\/www.wgservices.ch\/fr\/wp-json\/wp\/v2\/types\/page"}],"author":[{"embeddable":true,"href":"https:\/\/www.wgservices.ch\/fr\/wp-json\/wp\/v2\/users\/1"}],"replies":[{"embeddable":true,"href":"https:\/\/www.wgservices.ch\/fr\/wp-json\/wp\/v2\/comments?post=978"}],"version-history":[{"count":3,"href":"https:\/\/www.wgservices.ch\/fr\/wp-json\/wp\/v2\/pages\/978\/revisions"}],"predecessor-version":[{"id":2106,"href":"https:\/\/www.wgservices.ch\/fr\/wp-json\/wp\/v2\/pages\/978\/revisions\/2106"}],"wp:attachment":[{"href":"https:\/\/www.wgservices.ch\/fr\/wp-json\/wp\/v2\/media?parent=978"}],"curies":[{"name":"wp","href":"https:\/\/api.w.org\/{rel}","templated":true}]}}